{"id":200,"date":"2014-10-13T14:35:05","date_gmt":"2014-10-13T13:35:05","guid":{"rendered":"http:\/\/kappler.at.admin.xmail.xpirio.net\/stamm\/?page_id=200"},"modified":"2016-10-07T09:23:47","modified_gmt":"2016-10-07T08:23:47","slug":"2004-2","status":"publish","type":"page","link":"http:\/\/kappler.at\/stamm\/stt-htm\/history\/2004-2\/","title":{"rendered":"2004"},"content":{"rendered":"<div id=\"pl-200\"  class=\"panel-layout\" ><div id=\"pg-200-0\"  class=\"panel-grid panel-no-style\" ><div id=\"pgc-200-0-0\"  class=\"panel-grid-cell\" ><div id=\"panel-200-0-0-0\" class=\"so-panel widget widget_sow-editor panel-first-child panel-last-child\" data-index=\"0\" ><div\n\t\t\t\n\t\t\tclass=\"so-widget-sow-editor so-widget-sow-editor-base\"\n\t\t\t\n\t\t>\n<div class=\"siteorigin-widget-tinymce textwidget\">\n\t<h2>Franziskaner Stammtisch Hartberg 2004 - die H\u00f6hepunkte des Jahres chronologisch sortiert im \u00dcberblick<\/h2>\n<\/div>\n<\/div><\/div><\/div><\/div><div id=\"pg-200-1\"  class=\"panel-grid panel-no-style\" ><div id=\"pgc-200-1-0\"  class=\"panel-grid-cell\" ><div id=\"panel-200-1-0-0\" class=\"so-panel widget widget_text panel-first-child panel-last-child\" data-index=\"1\" ><h3 class=\"widget-title\">789<\/h3>\t\t\t<div class=\"textwidget\"><\/div>\n\t\t<\/div><\/div><div id=\"pgc-200-1-1\"  class=\"panel-grid-cell\" ><div id=\"panel-200-1-1-0\" class=\"so-panel widget widget_text panel-first-child panel-last-child\" data-index=\"2\" ><h3 class=\"widget-title\">30.12.2004 &#8211; Jahresfeier<\/h3>\t\t\t<div class=\"textwidget\">wie immer mit unseren Liebsten<\/div>\n\t\t<\/div><\/div><\/div><div id=\"pg-200-2\"  class=\"panel-grid panel-no-style\" ><div id=\"pgc-200-2-0\"  class=\"panel-grid-cell\" ><div id=\"panel-200-2-0-0\" class=\"so-panel widget widget_text panel-first-child panel-last-child\" data-index=\"3\" ><h3 class=\"widget-title\">788<\/h3>\t\t\t<div class=\"textwidget\"><\/div>\n\t\t<\/div><\/div><div id=\"pgc-200-2-1\"  class=\"panel-grid-cell\" ><div id=\"panel-200-2-1-0\" class=\"so-panel widget widget_text panel-first-child\" data-index=\"4\" ><h3 class=\"widget-title\">16.12.2004 &#8211; 40er Feier Fredy<\/h3>\t\t\t<div class=\"textwidget\">Alles Gute zum Runden - und danke f\u00fcr die Einladung<\/div>\n\t\t<\/div><div id=\"panel-200-2-1-1\" class=\"so-panel widget widget_sow-image panel-last-child\" data-index=\"5\" ><div\n\t\t\t\n\t\t\tclass=\"so-widget-sow-image so-widget-sow-image-default-8b5b6f678277-200\"\n\t\t\t\n\t\t>\n<div class=\"sow-image-container\">\n\t\t<img \n\tsrc=\"http:\/\/kappler.at\/stamm\/wp-content\/uploads\/sites\/2\/2015\/01\/Fredi-40er-023.jpg\" width=\"333\" height=\"445\" srcset=\"http:\/\/kappler.at\/stamm\/wp-content\/uploads\/sites\/2\/2015\/01\/Fredi-40er-023.jpg 333w, http:\/\/kappler.at\/stamm\/wp-content\/uploads\/sites\/2\/2015\/01\/Fredi-40er-023-224x300.jpg 224w\" sizes=\"(max-width: 333px) 100vw, 333px\" title=\"Fredy 40er 023\" alt=\"Franziskaner Stammtisch Hartberg 2004 Fredy 40er\" \t\tclass=\"so-widget-image\"\/>\n\t<\/div>\n\n<\/div><\/div><\/div><\/div><div id=\"pg-200-3\"  class=\"panel-grid panel-no-style\" ><div id=\"pgc-200-3-0\"  class=\"panel-grid-cell\" ><div id=\"panel-200-3-0-0\" class=\"so-panel widget widget_text panel-first-child panel-last-child\" data-index=\"6\" ><h3 class=\"widget-title\">777<\/h3>\t\t\t<div class=\"textwidget\"><\/div>\n\t\t<\/div><\/div><div id=\"pgc-200-3-1\"  class=\"panel-grid-cell\" ><div id=\"panel-200-3-1-0\" class=\"so-panel widget widget_text panel-first-child\" data-index=\"7\" ><h3 class=\"widget-title\">30.09.2004 &#8211; 777. Stammtisch<\/h3>\t\t\t<div class=\"textwidget\">Drei gleiche Ziffern - nach alter Tradition zahlt der Wirt die Zeche<\/div>\n\t\t<\/div><div id=\"panel-200-3-1-1\" class=\"so-panel widget widget_sow-image panel-last-child\" data-index=\"8\" ><div\n\t\t\t\n\t\t\tclass=\"so-widget-sow-image so-widget-sow-image-default-8b5b6f678277-200\"\n\t\t\t\n\t\t>\n<div class=\"sow-image-container\">\n\t\t<img \n\tsrc=\"http:\/\/kappler.at\/stamm\/wp-content\/uploads\/sites\/2\/2015\/01\/2004_777_08.jpg\" width=\"274\" height=\"205\" sizes=\"(max-width: 274px) 100vw, 274px\" alt=\"Franziskaner Stammtisch Hartberg 2004 777. Stammtisch\" \t\tclass=\"so-widget-image\"\/>\n\t<\/div>\n\n<\/div><\/div><\/div><\/div><div id=\"pg-200-4\"  class=\"panel-grid panel-no-style\" ><div id=\"pgc-200-4-0\"  class=\"panel-grid-cell panel-grid-cell-empty\" ><\/div><div id=\"pgc-200-4-1\"  class=\"panel-grid-cell\" ><div id=\"panel-200-4-1-0\" class=\"so-panel widget widget_text panel-first-child\" data-index=\"9\" ><h3 class=\"widget-title\">26.09.2004 &#8211; Stammtisch &#8211; Weinwanderung<\/h3>\t\t\t<div class=\"textwidget\">Familienausflug mit dem Bus nach St. Anna am Aigen.\nEine Wanderung durch die Weing\u00e4rten, unterbrochen durch einige Labstationen  <\/div>\n\t\t<\/div><div id=\"panel-200-4-1-1\" class=\"so-panel widget widget_sow-image panel-last-child\" data-index=\"10\" ><div\n\t\t\t\n\t\t\tclass=\"so-widget-sow-image so-widget-sow-image-default-8b5b6f678277-200\"\n\t\t\t\n\t\t>\n<div class=\"sow-image-container\">\n\t\t<img \n\tsrc=\"http:\/\/kappler.at\/stamm\/wp-content\/uploads\/sites\/2\/2015\/01\/2004WW014.jpg\" width=\"445\" height=\"333\" srcset=\"http:\/\/kappler.at\/stamm\/wp-content\/uploads\/sites\/2\/2015\/01\/2004WW014.jpg 445w, http:\/\/kappler.at\/stamm\/wp-content\/uploads\/sites\/2\/2015\/01\/2004WW014-300x224.jpg 300w\" sizes=\"(max-width: 445px) 100vw, 445px\" alt=\"Franziskaner Stammtisch Hartberg 2004 Weinwanderung Gruppenfoto\" \t\tclass=\"so-widget-image\"\/>\n\t<\/div>\n\n<\/div><\/div><\/div><\/div><div id=\"pg-200-5\"  class=\"panel-grid panel-no-style\" ><div id=\"pgc-200-5-0\"  class=\"panel-grid-cell panel-grid-cell-empty\" ><\/div><div id=\"pgc-200-5-1\"  class=\"panel-grid-cell\" ><div id=\"panel-200-5-1-0\" class=\"so-panel widget widget_text panel-first-child\" data-index=\"11\" ><h3 class=\"widget-title\">27.06.2004 &#8211; Familienwanderung Hochwechsel<\/h3>\t\t\t<div class=\"textwidget\">Vom Startpunkt Rablkreuzh\u00fctte geht's \u00fcber die Kaltwiesenh\u00fctte, die Vorauer Schwaig und den Niederwechsel mit Kind & Kegel auf den h\u00f6chsten Berg des Bezirkes<\/div>\n\t\t<\/div><div id=\"panel-200-5-1-1\" class=\"so-panel widget widget_sow-image panel-last-child\" data-index=\"12\" ><div\n\t\t\t\n\t\t\tclass=\"so-widget-sow-image so-widget-sow-image-default-8b5b6f678277-200\"\n\t\t\t\n\t\t>\n<div class=\"sow-image-container\">\n\t\t<img \n\tsrc=\"http:\/\/kappler.at\/stamm\/wp-content\/uploads\/sites\/2\/2015\/01\/2004-06-STT-Wanderung-Wechsel-35.jpg\" width=\"445\" height=\"333\" srcset=\"http:\/\/kappler.at\/stamm\/wp-content\/uploads\/sites\/2\/2015\/01\/2004-06-STT-Wanderung-Wechsel-35.jpg 445w, http:\/\/kappler.at\/stamm\/wp-content\/uploads\/sites\/2\/2015\/01\/2004-06-STT-Wanderung-Wechsel-35-300x224.jpg 300w\" sizes=\"(max-width: 445px) 100vw, 445px\" title=\"2004 06 STT Wanderung Wechsel 35\" alt=\"Franziskaner Stammtisch Hartberg 2004 Wanderung Hochwechsel\" \t\tclass=\"so-widget-image\"\/>\n\t<\/div>\n\n<\/div><\/div><\/div><\/div><div id=\"pg-200-6\"  class=\"panel-grid panel-no-style\" ><div id=\"pgc-200-6-0\"  class=\"panel-grid-cell panel-grid-cell-empty\" ><\/div><div id=\"pgc-200-6-1\"  class=\"panel-grid-cell\" ><div id=\"panel-200-6-1-0\" class=\"so-panel widget widget_text panel-first-child\" data-index=\"13\" ><h3 class=\"widget-title\">16.05.2004 &#8211; Vienna City Marathon<\/h3>\t\t\t<div class=\"textwidget\"><p>Wir treten im Staffelbewerb an - Fredy als Startl\u00e4ufer, Walter auf der 2. Etappe, John bis in den Prater und Hari als Schlussl\u00e4ufer ins Ziel am Heldenplatz.<\/p>\n<\/div>\n\t\t<\/div><div id=\"panel-200-6-1-1\" class=\"so-panel widget widget_sow-image panel-last-child\" data-index=\"14\" ><div\n\t\t\t\n\t\t\tclass=\"so-widget-sow-image so-widget-sow-image-default-8b5b6f678277-200\"\n\t\t\t\n\t\t>\n<div class=\"sow-image-container\">\n\t\t<img \n\tsrc=\"http:\/\/kappler.at\/stamm\/wp-content\/uploads\/sites\/2\/2015\/01\/2004-Vienna-City-Marathon-103.jpg\" width=\"445\" height=\"333\" srcset=\"http:\/\/kappler.at\/stamm\/wp-content\/uploads\/sites\/2\/2015\/01\/2004-Vienna-City-Marathon-103.jpg 445w, http:\/\/kappler.at\/stamm\/wp-content\/uploads\/sites\/2\/2015\/01\/2004-Vienna-City-Marathon-103-300x224.jpg 300w\" sizes=\"(max-width: 445px) 100vw, 445px\" title=\"2004 Vienna City Marathon 103\" alt=\"Franziskaner Stammtisch Hartberg 2004 Vienna City Marathon \" \t\tclass=\"so-widget-image\"\/>\n\t<\/div>\n\n<\/div><\/div><\/div><\/div><div id=\"pg-200-7\"  class=\"panel-grid panel-no-style\" ><div id=\"pgc-200-7-0\"  class=\"panel-grid-cell panel-grid-cell-empty\" ><\/div><div id=\"pgc-200-7-1\"  class=\"panel-grid-cell\" ><div id=\"panel-200-7-1-0\" class=\"so-panel widget widget_text panel-first-child panel-last-child\" data-index=\"15\" ><h3 class=\"widget-title\">12.05.2004 &#8211; Abschlusstraining Marathon<\/h3>\t\t\t<div class=\"textwidget\">Ein paar lockere Runden im Hartberger Gmoos zum Entleeren der Kohlenhydratspeicher<\/div>\n\t\t<\/div><\/div><\/div><div id=\"pg-200-8\"  class=\"panel-grid panel-no-style\" ><div id=\"pgc-200-8-0\"  class=\"panel-grid-cell panel-grid-cell-empty\" ><\/div><div id=\"pgc-200-8-1\"  class=\"panel-grid-cell\" ><div id=\"panel-200-8-1-0\" class=\"so-panel widget widget_text panel-first-child panel-last-child\" data-index=\"16\" ><h3 class=\"widget-title\">29.01.2004 &#8211; Eisschie\u00dfen gegen BCL<\/h3>\t\t\t<div class=\"textwidget\"><\/div>\n\t\t<\/div><\/div><\/div><div id=\"pg-200-9\"  class=\"panel-grid panel-no-style\" ><div id=\"pgc-200-9-0\"  class=\"panel-grid-cell panel-grid-cell-empty\" ><\/div><div id=\"pgc-200-9-1\"  class=\"panel-grid-cell\" ><div id=\"panel-200-9-1-0\" class=\"so-panel widget widget_text panel-first-child\" data-index=\"17\" ><h3 class=\"widget-title\">08.-11.01.2004 &#8211; 9. Stammtisch Schiopening<\/h3>\t\t\t<div class=\"textwidget\">Flachau # 7 - Franz, Fredy, Hari, John, Martin und Robert im Latschenhof<\/div>\n\t\t<\/div><div id=\"panel-200-9-1-1\" class=\"so-panel widget widget_sow-image panel-last-child\" data-index=\"18\" ><div\n\t\t\t\n\t\t\tclass=\"so-widget-sow-image so-widget-sow-image-default-8b5b6f678277-200\"\n\t\t\t\n\t\t>\n<div class=\"sow-image-container\">\n\t\t<img \n\tsrc=\"http:\/\/kappler.at\/stamm\/wp-content\/uploads\/sites\/2\/2015\/01\/2004_Flachau_13.jpg\" width=\"445\" height=\"333\" srcset=\"http:\/\/kappler.at\/stamm\/wp-content\/uploads\/sites\/2\/2015\/01\/2004_Flachau_13.jpg 445w, http:\/\/kappler.at\/stamm\/wp-content\/uploads\/sites\/2\/2015\/01\/2004_Flachau_13-300x224.jpg 300w\" sizes=\"(max-width: 445px) 100vw, 445px\" alt=\"Franziskaner Stammtisch Hartberg 2004 Flachau Schiopening\" \t\tclass=\"so-widget-image\"\/>\n\t<\/div>\n\n<\/div><\/div><\/div><\/div><div id=\"pg-200-10\"  class=\"panel-grid panel-no-style\" ><div id=\"pgc-200-10-0\"  class=\"panel-grid-cell panel-grid-cell-empty\" ><\/div><div id=\"pgc-200-10-1\"  class=\"panel-grid-cell\" ><div id=\"panel-200-10-1-0\" class=\"so-panel widget widget_text panel-first-child panel-last-child\" data-index=\"19\" ><h3 class=\"widget-title\">05.01.2004 &#8211; Jahresfeier 2003<\/h3>\t\t\t<div class=\"textwidget\">aus Termingr\u00fcnden erst im neuen Jahr feiern wir mit unseren M\u00e4dls<\/div>\n\t\t<\/div><\/div><\/div><\/div>","protected":false},"excerpt":{"rendered":"<p>Franziskaner Stammtisch Hartberg 2004 &#8211; die H\u00f6hepunkte des Jahres chronologisch sortiert im \u00dcberblick wie immer mit unseren Liebsten<\/p>\n","protected":false},"author":1,"featured_media":0,"parent":141,"menu_order":0,"comment_status":"open","ping_status":"open","template":"page-feature.php","meta":{"kt_blocks_editor_width":"","ngg_post_thumbnail":0,"jetpack_post_was_ever_published":false,"footnotes":""},"class_list":["post-200","page","type-page","status-publish","hentry"],"yoast_head":"<!-- This site is optimized with the Yoast SEO plugin v27.4 - https:\/\/yoast.com\/product\/yoast-seo-wordpress\/ -->\n<title>Franziskaner Stammtisch Hartberg 2004<\/title>\n<meta name=\"description\" content=\"Franziskaner Stammtisch Hartberg 2004 - die H\u00f6hepunkte des Jahres chronologisch sortiert im \u00dcberblick\" \/>\n<meta name=\"robots\" content=\"index, follow, max-snippet:-1, max-image-preview:large, max-video-preview:-1\" \/>\n<link rel=\"canonical\" href=\"http:\/\/kappler.at\/stamm\/stt-htm\/history\/2004-2\/\" \/>\n<meta property=\"og:locale\" content=\"de_DE\" \/>\n<meta property=\"og:type\" content=\"article\" \/>\n<meta property=\"og:title\" content=\"Franziskaner Stammtisch Hartberg 2004\" \/>\n<meta property=\"og:description\" content=\"Franziskaner Stammtisch Hartberg 2004 - die H\u00f6hepunkte des Jahres chronologisch sortiert im \u00dcberblick\" \/>\n<meta property=\"og:url\" content=\"http:\/\/kappler.at\/stamm\/stt-htm\/history\/2004-2\/\" \/>\n<meta property=\"og:site_name\" content=\"Franziskaner Stammtisch\" \/>\n<meta property=\"article:modified_time\" content=\"2016-10-07T08:23:47+00:00\" \/>\n<meta property=\"og:image\" content=\"http:\/\/kappler.at\/stamm\/wp-content\/uploads\/sites\/2\/2015\/01\/Fredi-40er-023.jpg\" \/>\n<meta name=\"twitter:label1\" content=\"Gesch\u00e4tzte Lesezeit\" \/>\n\t<meta name=\"twitter:data1\" content=\"1\u00a0Minute\" \/>\n<script type=\"application\/ld+json\" class=\"yoast-schema-graph\">{\"@context\":\"https:\\\/\\\/schema.org\",\"@graph\":[{\"@type\":\"WebPage\",\"@id\":\"http:\\\/\\\/kappler.at\\\/stamm\\\/stt-htm\\\/history\\\/2004-2\\\/\",\"url\":\"http:\\\/\\\/kappler.at\\\/stamm\\\/stt-htm\\\/history\\\/2004-2\\\/\",\"name\":\"Franziskaner Stammtisch Hartberg 2004\",\"isPartOf\":{\"@id\":\"http:\\\/\\\/kappler.at\\\/stamm\\\/#website\"},\"primaryImageOfPage\":{\"@id\":\"http:\\\/\\\/kappler.at\\\/stamm\\\/stt-htm\\\/history\\\/2004-2\\\/#primaryimage\"},\"image\":{\"@id\":\"http:\\\/\\\/kappler.at\\\/stamm\\\/stt-htm\\\/history\\\/2004-2\\\/#primaryimage\"},\"thumbnailUrl\":\"http:\\\/\\\/kappler.at\\\/stamm\\\/wp-content\\\/uploads\\\/sites\\\/2\\\/2015\\\/01\\\/Fredi-40er-023.jpg\",\"datePublished\":\"2014-10-13T13:35:05+00:00\",\"dateModified\":\"2016-10-07T08:23:47+00:00\",\"description\":\"Franziskaner Stammtisch Hartberg 2004 - die H\u00f6hepunkte des Jahres chronologisch sortiert im \u00dcberblick\",\"breadcrumb\":{\"@id\":\"http:\\\/\\\/kappler.at\\\/stamm\\\/stt-htm\\\/history\\\/2004-2\\\/#breadcrumb\"},\"inLanguage\":\"de\",\"potentialAction\":[{\"@type\":\"ReadAction\",\"target\":[\"http:\\\/\\\/kappler.at\\\/stamm\\\/stt-htm\\\/history\\\/2004-2\\\/\"]}]},{\"@type\":\"ImageObject\",\"inLanguage\":\"de\",\"@id\":\"http:\\\/\\\/kappler.at\\\/stamm\\\/stt-htm\\\/history\\\/2004-2\\\/#primaryimage\",\"url\":\"http:\\\/\\\/kappler.at\\\/stamm\\\/wp-content\\\/uploads\\\/sites\\\/2\\\/2015\\\/01\\\/Fredi-40er-023.jpg\",\"contentUrl\":\"http:\\\/\\\/kappler.at\\\/stamm\\\/wp-content\\\/uploads\\\/sites\\\/2\\\/2015\\\/01\\\/Fredi-40er-023.jpg\",\"width\":333,\"height\":445,\"caption\":\"Fredy 40er 023\"},{\"@type\":\"BreadcrumbList\",\"@id\":\"http:\\\/\\\/kappler.at\\\/stamm\\\/stt-htm\\\/history\\\/2004-2\\\/#breadcrumb\",\"itemListElement\":[{\"@type\":\"ListItem\",\"position\":1,\"name\":\"Home\",\"item\":\"http:\\\/\\\/kappler.at\\\/stamm\\\/\"},{\"@type\":\"ListItem\",\"position\":2,\"name\":\"Franziskaner Stammtisch Hartberg\",\"item\":\"http:\\\/\\\/kappler.at\\\/stamm\\\/\"},{\"@type\":\"ListItem\",\"position\":3,\"name\":\"Franziskaner Stammtisch History\",\"item\":\"http:\\\/\\\/kappler.at\\\/stamm\\\/stt-htm\\\/history\\\/\"},{\"@type\":\"ListItem\",\"position\":4,\"name\":\"2004\"}]},{\"@type\":\"WebSite\",\"@id\":\"http:\\\/\\\/kappler.at\\\/stamm\\\/#website\",\"url\":\"http:\\\/\\\/kappler.at\\\/stamm\\\/\",\"name\":\"Franziskaner Stammtisch\",\"description\":\"the one and only\",\"publisher\":{\"@id\":\"http:\\\/\\\/kappler.at\\\/stamm\\\/#organization\"},\"potentialAction\":[{\"@type\":\"SearchAction\",\"target\":{\"@type\":\"EntryPoint\",\"urlTemplate\":\"http:\\\/\\\/kappler.at\\\/stamm\\\/?s={search_term_string}\"},\"query-input\":{\"@type\":\"PropertyValueSpecification\",\"valueRequired\":true,\"valueName\":\"search_term_string\"}}],\"inLanguage\":\"de\"},{\"@type\":\"Organization\",\"@id\":\"http:\\\/\\\/kappler.at\\\/stamm\\\/#organization\",\"name\":\"Franziskaner Stammtisch Hartberg\",\"url\":\"http:\\\/\\\/kappler.at\\\/stamm\\\/\",\"logo\":{\"@type\":\"ImageObject\",\"inLanguage\":\"de\",\"@id\":\"http:\\\/\\\/kappler.at\\\/stamm\\\/#\\\/schema\\\/logo\\\/image\\\/\",\"url\":\"http:\\\/\\\/kappler.at\\\/stamm\\\/wp-content\\\/uploads\\\/sites\\\/2\\\/2016\\\/10\\\/StammtischLogo-e1476712092368.jpg\",\"contentUrl\":\"http:\\\/\\\/kappler.at\\\/stamm\\\/wp-content\\\/uploads\\\/sites\\\/2\\\/2016\\\/10\\\/StammtischLogo-e1476712092368.jpg\",\"width\":126,\"height\":200,\"caption\":\"Franziskaner Stammtisch Hartberg\"},\"image\":{\"@id\":\"http:\\\/\\\/kappler.at\\\/stamm\\\/#\\\/schema\\\/logo\\\/image\\\/\"}}]}<\/script>\n<!-- \/ Yoast SEO plugin. -->","yoast_head_json":{"title":"Franziskaner Stammtisch Hartberg 2004","description":"Franziskaner Stammtisch Hartberg 2004 - die H\u00f6hepunkte des Jahres chronologisch sortiert im \u00dcberblick","robots":{"index":"index","follow":"follow","max-snippet":"max-snippet:-1","max-image-preview":"max-image-preview:large","max-video-preview":"max-video-preview:-1"},"canonical":"http:\/\/kappler.at\/stamm\/stt-htm\/history\/2004-2\/","og_locale":"de_DE","og_type":"article","og_title":"Franziskaner Stammtisch Hartberg 2004","og_description":"Franziskaner Stammtisch Hartberg 2004 - die H\u00f6hepunkte des Jahres chronologisch sortiert im \u00dcberblick","og_url":"http:\/\/kappler.at\/stamm\/stt-htm\/history\/2004-2\/","og_site_name":"Franziskaner Stammtisch","article_modified_time":"2016-10-07T08:23:47+00:00","og_image":[{"url":"http:\/\/kappler.at\/stamm\/wp-content\/uploads\/sites\/2\/2015\/01\/Fredi-40er-023.jpg","type":"","width":"","height":""}],"twitter_misc":{"Gesch\u00e4tzte Lesezeit":"1\u00a0Minute"},"schema":{"@context":"https:\/\/schema.org","@graph":[{"@type":"WebPage","@id":"http:\/\/kappler.at\/stamm\/stt-htm\/history\/2004-2\/","url":"http:\/\/kappler.at\/stamm\/stt-htm\/history\/2004-2\/","name":"Franziskaner Stammtisch Hartberg 2004","isPartOf":{"@id":"http:\/\/kappler.at\/stamm\/#website"},"primaryImageOfPage":{"@id":"http:\/\/kappler.at\/stamm\/stt-htm\/history\/2004-2\/#primaryimage"},"image":{"@id":"http:\/\/kappler.at\/stamm\/stt-htm\/history\/2004-2\/#primaryimage"},"thumbnailUrl":"http:\/\/kappler.at\/stamm\/wp-content\/uploads\/sites\/2\/2015\/01\/Fredi-40er-023.jpg","datePublished":"2014-10-13T13:35:05+00:00","dateModified":"2016-10-07T08:23:47+00:00","description":"Franziskaner Stammtisch Hartberg 2004 - die H\u00f6hepunkte des Jahres chronologisch sortiert im \u00dcberblick","breadcrumb":{"@id":"http:\/\/kappler.at\/stamm\/stt-htm\/history\/2004-2\/#breadcrumb"},"inLanguage":"de","potentialAction":[{"@type":"ReadAction","target":["http:\/\/kappler.at\/stamm\/stt-htm\/history\/2004-2\/"]}]},{"@type":"ImageObject","inLanguage":"de","@id":"http:\/\/kappler.at\/stamm\/stt-htm\/history\/2004-2\/#primaryimage","url":"http:\/\/kappler.at\/stamm\/wp-content\/uploads\/sites\/2\/2015\/01\/Fredi-40er-023.jpg","contentUrl":"http:\/\/kappler.at\/stamm\/wp-content\/uploads\/sites\/2\/2015\/01\/Fredi-40er-023.jpg","width":333,"height":445,"caption":"Fredy 40er 023"},{"@type":"BreadcrumbList","@id":"http:\/\/kappler.at\/stamm\/stt-htm\/history\/2004-2\/#breadcrumb","itemListElement":[{"@type":"ListItem","position":1,"name":"Home","item":"http:\/\/kappler.at\/stamm\/"},{"@type":"ListItem","position":2,"name":"Franziskaner Stammtisch Hartberg","item":"http:\/\/kappler.at\/stamm\/"},{"@type":"ListItem","position":3,"name":"Franziskaner Stammtisch History","item":"http:\/\/kappler.at\/stamm\/stt-htm\/history\/"},{"@type":"ListItem","position":4,"name":"2004"}]},{"@type":"WebSite","@id":"http:\/\/kappler.at\/stamm\/#website","url":"http:\/\/kappler.at\/stamm\/","name":"Franziskaner Stammtisch","description":"the one and only","publisher":{"@id":"http:\/\/kappler.at\/stamm\/#organization"},"potentialAction":[{"@type":"SearchAction","target":{"@type":"EntryPoint","urlTemplate":"http:\/\/kappler.at\/stamm\/?s={search_term_string}"},"query-input":{"@type":"PropertyValueSpecification","valueRequired":true,"valueName":"search_term_string"}}],"inLanguage":"de"},{"@type":"Organization","@id":"http:\/\/kappler.at\/stamm\/#organization","name":"Franziskaner Stammtisch Hartberg","url":"http:\/\/kappler.at\/stamm\/","logo":{"@type":"ImageObject","inLanguage":"de","@id":"http:\/\/kappler.at\/stamm\/#\/schema\/logo\/image\/","url":"http:\/\/kappler.at\/stamm\/wp-content\/uploads\/sites\/2\/2016\/10\/StammtischLogo-e1476712092368.jpg","contentUrl":"http:\/\/kappler.at\/stamm\/wp-content\/uploads\/sites\/2\/2016\/10\/StammtischLogo-e1476712092368.jpg","width":126,"height":200,"caption":"Franziskaner Stammtisch Hartberg"},"image":{"@id":"http:\/\/kappler.at\/stamm\/#\/schema\/logo\/image\/"}}]}},"jetpack_shortlink":"https:\/\/wp.me\/P5aSXC-3e","jetpack_sharing_enabled":true,"_links":{"self":[{"href":"http:\/\/kappler.at\/stamm\/wp-json\/wp\/v2\/pages\/200","targetHints":{"allow":["GET"]}}],"collection":[{"href":"http:\/\/kappler.at\/stamm\/wp-json\/wp\/v2\/pages"}],"about":[{"href":"http:\/\/kappler.at\/stamm\/wp-json\/wp\/v2\/types\/page"}],"author":[{"embeddable":true,"href":"http:\/\/kappler.at\/stamm\/wp-json\/wp\/v2\/users\/1"}],"replies":[{"embeddable":true,"href":"http:\/\/kappler.at\/stamm\/wp-json\/wp\/v2\/comments?post=200"}],"version-history":[{"count":15,"href":"http:\/\/kappler.at\/stamm\/wp-json\/wp\/v2\/pages\/200\/revisions"}],"predecessor-version":[{"id":1300,"href":"http:\/\/kappler.at\/stamm\/wp-json\/wp\/v2\/pages\/200\/revisions\/1300"}],"up":[{"embeddable":true,"href":"http:\/\/kappler.at\/stamm\/wp-json\/wp\/v2\/pages\/141"}],"wp:attachment":[{"href":"http:\/\/kappler.at\/stamm\/wp-json\/wp\/v2\/media?parent=200"}],"curies":[{"name":"wp","href":"https:\/\/api.w.org\/{rel}","templated":true}]}}