{"id":198,"date":"2014-10-13T14:34:47","date_gmt":"2014-10-13T13:34:47","guid":{"rendered":"http:\/\/kappler.at.admin.xmail.xpirio.net\/stamm\/?page_id=198"},"modified":"2016-10-03T14:01:50","modified_gmt":"2016-10-03T13:01:50","slug":"2003-2","status":"publish","type":"page","link":"http:\/\/kappler.at\/stamm\/stt-htm\/history\/2003-2\/","title":{"rendered":"2003"},"content":{"rendered":"<div id=\"pl-198\"  class=\"panel-layout\" ><div id=\"pg-198-0\"  class=\"panel-grid panel-no-style\" ><div id=\"pgc-198-0-0\"  class=\"panel-grid-cell panel-grid-cell-empty\" ><\/div><div id=\"pgc-198-0-1\"  class=\"panel-grid-cell\" ><div id=\"panel-198-0-1-0\" class=\"so-panel widget widget_text panel-first-child\" data-index=\"0\" ><h3 class=\"widget-title\">28.11.2003 &#8211; Sprungsemmeltragen bei John<\/h3>\t\t\t<div class=\"textwidget\">Anna - herzlich willkommen<\/div>\n\t\t<\/div><div id=\"panel-198-0-1-1\" class=\"so-panel widget widget_sow-editor panel-last-child\" data-index=\"1\" ><div\n\t\t\t\n\t\t\tclass=\"so-widget-sow-editor so-widget-sow-editor-base\"\n\t\t\t\n\t\t>\n<div class=\"siteorigin-widget-tinymce textwidget\">\n\t<p><img decoding=\"async\" src=\"http:\/\/kappler.at\/stamm\/wp-content\/uploads\/sites\/2\/2015\/01\/2003_Sprungsemmel_John_09.jpg\" \/><\/p>\n<\/div>\n<\/div><\/div><\/div><\/div><div id=\"pg-198-1\"  class=\"panel-grid panel-no-style\" ><div id=\"pgc-198-1-0\"  class=\"panel-grid-cell\" ><div id=\"panel-198-1-0-0\" class=\"so-panel widget widget_text panel-first-child panel-last-child\" data-index=\"2\" ><h3 class=\"widget-title\">738<\/h3>\t\t\t<div class=\"textwidget\"><\/div>\n\t\t<\/div><\/div><div id=\"pgc-198-1-1\"  class=\"panel-grid-cell\" ><div id=\"panel-198-1-1-0\" class=\"so-panel widget widget_text panel-first-child\" data-index=\"3\" ><h3 class=\"widget-title\">06.11.2003 &#8211; Sprungsemmeltragen bei Sandy<\/h3>\t\t\t<div class=\"textwidget\">Rosa - herzlich willkommen<\/div>\n\t\t<\/div><div id=\"panel-198-1-1-1\" class=\"so-panel widget widget_sow-editor panel-last-child\" data-index=\"4\" ><div\n\t\t\t\n\t\t\tclass=\"so-widget-sow-editor so-widget-sow-editor-base\"\n\t\t\t\n\t\t>\n<div class=\"siteorigin-widget-tinymce textwidget\">\n\t<p><img decoding=\"async\" src=\"http:\/\/kappler.at\/stamm\/wp-content\/uploads\/sites\/2\/2015\/01\/2003_Semmel_Sandy_06.jpg\" \/><\/p>\n<\/div>\n<\/div><\/div><\/div><\/div><div id=\"pg-198-2\"  class=\"panel-grid panel-no-style\" ><div id=\"pgc-198-2-0\"  class=\"panel-grid-cell panel-grid-cell-empty\" ><\/div><div id=\"pgc-198-2-1\"  class=\"panel-grid-cell\" ><div id=\"panel-198-2-1-0\" class=\"so-panel widget widget_text panel-first-child panel-last-child\" data-index=\"5\" ><h3 class=\"widget-title\">09.06.2003 &#8211; Wildwiesenwanderung<\/h3>\t\t\t<div class=\"textwidget\">f\u00fcr die Harten von Hartberg \u00fcber den Masenberg, f\u00fcr Frauen und Kinder ab dem Kreuzwirt<\/div>\n\t\t<\/div><\/div><\/div><div id=\"pg-198-3\"  class=\"panel-grid panel-no-style\" ><div id=\"pgc-198-3-0\"  class=\"panel-grid-cell\" ><div id=\"panel-198-3-0-0\" class=\"so-panel widget widget_text panel-first-child panel-last-child\" data-index=\"6\" ><h3 class=\"widget-title\">716<\/h3>\t\t\t<div class=\"textwidget\"><\/div>\n\t\t<\/div><\/div><div id=\"pgc-198-3-1\"  class=\"panel-grid-cell\" ><div id=\"panel-198-3-1-0\" class=\"so-panel widget widget_text panel-first-child panel-last-child\" data-index=\"7\" ><h3 class=\"widget-title\">08.05.2003 &#8211; Gastgartener\u00f6ffnung<\/h3>\t\t\t<div class=\"textwidget\"><\/div>\n\t\t<\/div><\/div><\/div><div id=\"pg-198-4\"  class=\"panel-grid panel-no-style\" ><div id=\"pgc-198-4-0\"  class=\"panel-grid-cell\" ><div id=\"panel-198-4-0-0\" class=\"so-panel widget widget_text panel-first-child panel-last-child\" data-index=\"8\" ><h3 class=\"widget-title\">708<\/h3>\t\t\t<div class=\"textwidget\"><\/div>\n\t\t<\/div><\/div><div id=\"pgc-198-4-1\"  class=\"panel-grid-cell\" ><div id=\"panel-198-4-1-0\" class=\"so-panel widget widget_text panel-first-child\" data-index=\"9\" ><h3 class=\"widget-title\">06.03.2003 &#8211; 15 Jahre Stammtisch<\/h3>\t\t\t<div class=\"textwidget\"><\/div>\n\t\t<\/div><div id=\"panel-198-4-1-1\" class=\"so-panel widget widget_sow-editor panel-last-child\" data-index=\"10\" ><div\n\t\t\t\n\t\t\tclass=\"so-widget-sow-editor so-widget-sow-editor-base\"\n\t\t\t\n\t\t>\n<div class=\"siteorigin-widget-tinymce textwidget\">\n\t<p><img decoding=\"async\" src=\"http:\/\/kappler.at\/stamm\/wp-content\/uploads\/sites\/2\/2015\/01\/15Jahre.gif\" \/><\/p>\n<\/div>\n<\/div><\/div><\/div><\/div><div id=\"pg-198-5\"  class=\"panel-grid panel-no-style\" ><div id=\"pgc-198-5-0\"  class=\"panel-grid-cell panel-grid-cell-empty\" ><\/div><div id=\"pgc-198-5-1\"  class=\"panel-grid-cell\" ><div id=\"panel-198-5-1-0\" class=\"so-panel widget widget_text panel-first-child\" data-index=\"11\" ><h3 class=\"widget-title\">09.-12.01.2003 &#8211; 8. Stammtisch Schiopening<\/h3>\t\t\t<div class=\"textwidget\">Flachau # 6 - Franz, Fredy, Hari, John, Peter, Robert, Tom und Walter beim Huber Sepp<\/div>\n\t\t<\/div><div id=\"panel-198-5-1-1\" class=\"so-panel widget widget_sow-editor panel-last-child\" data-index=\"12\" ><div\n\t\t\t\n\t\t\tclass=\"so-widget-sow-editor so-widget-sow-editor-base\"\n\t\t\t\n\t\t>\n<div class=\"siteorigin-widget-tinymce textwidget\">\n\t<p><img decoding=\"async\" src=\"http:\/\/kappler.at\/stamm\/wp-content\/uploads\/sites\/2\/2015\/01\/2003_Flachau02_CEBB_Gruppe1.jpg\" \/><\/p>\n<\/div>\n<\/div><\/div><\/div><\/div><\/div>","protected":false},"excerpt":{"rendered":"<p>Anna &#8211; herzlich willkommen Rosa &#8211; herzlich willkommen<\/p>\n","protected":false},"author":1,"featured_media":0,"parent":141,"menu_order":0,"comment_status":"open","ping_status":"open","template":"page-feature.php","meta":{"kt_blocks_editor_width":"","ngg_post_thumbnail":0,"jetpack_post_was_ever_published":false,"footnotes":""},"class_list":["post-198","page","type-page","status-publish","hentry"],"yoast_head":"<!-- This site is optimized with the Yoast SEO plugin v27.4 - https:\/\/yoast.com\/product\/yoast-seo-wordpress\/ -->\n<title>Franziskaner Stammtisch Hartberg 2003<\/title>\n<meta name=\"description\" content=\"Franziskaner Stammtisch Hartberg 2003 - die H\u00f6hepunkte des Jahres chronologisch sortiert im \u00dcberblick\" \/>\n<meta name=\"robots\" content=\"index, follow, max-snippet:-1, max-image-preview:large, max-video-preview:-1\" \/>\n<link rel=\"canonical\" href=\"http:\/\/kappler.at\/stamm\/stt-htm\/history\/2003-2\/\" \/>\n<meta property=\"og:locale\" content=\"de_DE\" \/>\n<meta property=\"og:type\" content=\"article\" \/>\n<meta property=\"og:title\" content=\"Franziskaner Stammtisch Hartberg 2003\" \/>\n<meta property=\"og:description\" content=\"Franziskaner Stammtisch Hartberg 2003 - die H\u00f6hepunkte des Jahres chronologisch sortiert im \u00dcberblick\" \/>\n<meta property=\"og:url\" content=\"http:\/\/kappler.at\/stamm\/stt-htm\/history\/2003-2\/\" \/>\n<meta property=\"og:site_name\" content=\"Franziskaner Stammtisch\" \/>\n<meta property=\"article:modified_time\" content=\"2016-10-03T13:01:50+00:00\" \/>\n<meta property=\"og:image\" content=\"http:\/\/kappler.at\/stamm\/wp-content\/uploads\/sites\/2\/2015\/01\/2003_Sprungsemmel_John_09.jpg\" \/>\n<script type=\"application\/ld+json\" class=\"yoast-schema-graph\">{\"@context\":\"https:\\\/\\\/schema.org\",\"@graph\":[{\"@type\":\"WebPage\",\"@id\":\"http:\\\/\\\/kappler.at\\\/stamm\\\/stt-htm\\\/history\\\/2003-2\\\/\",\"url\":\"http:\\\/\\\/kappler.at\\\/stamm\\\/stt-htm\\\/history\\\/2003-2\\\/\",\"name\":\"Franziskaner Stammtisch Hartberg 2003\",\"isPartOf\":{\"@id\":\"http:\\\/\\\/kappler.at\\\/stamm\\\/#website\"},\"primaryImageOfPage\":{\"@id\":\"http:\\\/\\\/kappler.at\\\/stamm\\\/stt-htm\\\/history\\\/2003-2\\\/#primaryimage\"},\"image\":{\"@id\":\"http:\\\/\\\/kappler.at\\\/stamm\\\/stt-htm\\\/history\\\/2003-2\\\/#primaryimage\"},\"thumbnailUrl\":\"http:\\\/\\\/kappler.at\\\/stamm\\\/wp-content\\\/uploads\\\/sites\\\/2\\\/2015\\\/01\\\/2003_Sprungsemmel_John_09.jpg\",\"datePublished\":\"2014-10-13T13:34:47+00:00\",\"dateModified\":\"2016-10-03T13:01:50+00:00\",\"description\":\"Franziskaner Stammtisch Hartberg 2003 - die H\u00f6hepunkte des Jahres chronologisch sortiert im \u00dcberblick\",\"breadcrumb\":{\"@id\":\"http:\\\/\\\/kappler.at\\\/stamm\\\/stt-htm\\\/history\\\/2003-2\\\/#breadcrumb\"},\"inLanguage\":\"de\",\"potentialAction\":[{\"@type\":\"ReadAction\",\"target\":[\"http:\\\/\\\/kappler.at\\\/stamm\\\/stt-htm\\\/history\\\/2003-2\\\/\"]}]},{\"@type\":\"ImageObject\",\"inLanguage\":\"de\",\"@id\":\"http:\\\/\\\/kappler.at\\\/stamm\\\/stt-htm\\\/history\\\/2003-2\\\/#primaryimage\",\"url\":\"http:\\\/\\\/kappler.at\\\/stamm\\\/wp-content\\\/uploads\\\/sites\\\/2\\\/2015\\\/01\\\/2003_Sprungsemmel_John_09.jpg\",\"contentUrl\":\"http:\\\/\\\/kappler.at\\\/stamm\\\/wp-content\\\/uploads\\\/sites\\\/2\\\/2015\\\/01\\\/2003_Sprungsemmel_John_09.jpg\",\"width\":440,\"height\":330,\"caption\":\"2003_Sprungsemmel_John_09\"},{\"@type\":\"BreadcrumbList\",\"@id\":\"http:\\\/\\\/kappler.at\\\/stamm\\\/stt-htm\\\/history\\\/2003-2\\\/#breadcrumb\",\"itemListElement\":[{\"@type\":\"ListItem\",\"position\":1,\"name\":\"Home\",\"item\":\"http:\\\/\\\/kappler.at\\\/stamm\\\/\"},{\"@type\":\"ListItem\",\"position\":2,\"name\":\"Franziskaner Stammtisch Hartberg\",\"item\":\"http:\\\/\\\/kappler.at\\\/stamm\\\/\"},{\"@type\":\"ListItem\",\"position\":3,\"name\":\"Franziskaner Stammtisch History\",\"item\":\"http:\\\/\\\/kappler.at\\\/stamm\\\/stt-htm\\\/history\\\/\"},{\"@type\":\"ListItem\",\"position\":4,\"name\":\"2003\"}]},{\"@type\":\"WebSite\",\"@id\":\"http:\\\/\\\/kappler.at\\\/stamm\\\/#website\",\"url\":\"http:\\\/\\\/kappler.at\\\/stamm\\\/\",\"name\":\"Franziskaner Stammtisch\",\"description\":\"the one and only\",\"publisher\":{\"@id\":\"http:\\\/\\\/kappler.at\\\/stamm\\\/#organization\"},\"potentialAction\":[{\"@type\":\"SearchAction\",\"target\":{\"@type\":\"EntryPoint\",\"urlTemplate\":\"http:\\\/\\\/kappler.at\\\/stamm\\\/?s={search_term_string}\"},\"query-input\":{\"@type\":\"PropertyValueSpecification\",\"valueRequired\":true,\"valueName\":\"search_term_string\"}}],\"inLanguage\":\"de\"},{\"@type\":\"Organization\",\"@id\":\"http:\\\/\\\/kappler.at\\\/stamm\\\/#organization\",\"name\":\"Franziskaner Stammtisch Hartberg\",\"url\":\"http:\\\/\\\/kappler.at\\\/stamm\\\/\",\"logo\":{\"@type\":\"ImageObject\",\"inLanguage\":\"de\",\"@id\":\"http:\\\/\\\/kappler.at\\\/stamm\\\/#\\\/schema\\\/logo\\\/image\\\/\",\"url\":\"http:\\\/\\\/kappler.at\\\/stamm\\\/wp-content\\\/uploads\\\/sites\\\/2\\\/2016\\\/10\\\/StammtischLogo-e1476712092368.jpg\",\"contentUrl\":\"http:\\\/\\\/kappler.at\\\/stamm\\\/wp-content\\\/uploads\\\/sites\\\/2\\\/2016\\\/10\\\/StammtischLogo-e1476712092368.jpg\",\"width\":126,\"height\":200,\"caption\":\"Franziskaner Stammtisch Hartberg\"},\"image\":{\"@id\":\"http:\\\/\\\/kappler.at\\\/stamm\\\/#\\\/schema\\\/logo\\\/image\\\/\"}}]}<\/script>\n<!-- \/ Yoast SEO plugin. -->","yoast_head_json":{"title":"Franziskaner Stammtisch Hartberg 2003","description":"Franziskaner Stammtisch Hartberg 2003 - die H\u00f6hepunkte des Jahres chronologisch sortiert im \u00dcberblick","robots":{"index":"index","follow":"follow","max-snippet":"max-snippet:-1","max-image-preview":"max-image-preview:large","max-video-preview":"max-video-preview:-1"},"canonical":"http:\/\/kappler.at\/stamm\/stt-htm\/history\/2003-2\/","og_locale":"de_DE","og_type":"article","og_title":"Franziskaner Stammtisch Hartberg 2003","og_description":"Franziskaner Stammtisch Hartberg 2003 - die H\u00f6hepunkte des Jahres chronologisch sortiert im \u00dcberblick","og_url":"http:\/\/kappler.at\/stamm\/stt-htm\/history\/2003-2\/","og_site_name":"Franziskaner Stammtisch","article_modified_time":"2016-10-03T13:01:50+00:00","og_image":[{"url":"http:\/\/kappler.at\/stamm\/wp-content\/uploads\/sites\/2\/2015\/01\/2003_Sprungsemmel_John_09.jpg","type":"","width":"","height":""}],"schema":{"@context":"https:\/\/schema.org","@graph":[{"@type":"WebPage","@id":"http:\/\/kappler.at\/stamm\/stt-htm\/history\/2003-2\/","url":"http:\/\/kappler.at\/stamm\/stt-htm\/history\/2003-2\/","name":"Franziskaner Stammtisch Hartberg 2003","isPartOf":{"@id":"http:\/\/kappler.at\/stamm\/#website"},"primaryImageOfPage":{"@id":"http:\/\/kappler.at\/stamm\/stt-htm\/history\/2003-2\/#primaryimage"},"image":{"@id":"http:\/\/kappler.at\/stamm\/stt-htm\/history\/2003-2\/#primaryimage"},"thumbnailUrl":"http:\/\/kappler.at\/stamm\/wp-content\/uploads\/sites\/2\/2015\/01\/2003_Sprungsemmel_John_09.jpg","datePublished":"2014-10-13T13:34:47+00:00","dateModified":"2016-10-03T13:01:50+00:00","description":"Franziskaner Stammtisch Hartberg 2003 - die H\u00f6hepunkte des Jahres chronologisch sortiert im \u00dcberblick","breadcrumb":{"@id":"http:\/\/kappler.at\/stamm\/stt-htm\/history\/2003-2\/#breadcrumb"},"inLanguage":"de","potentialAction":[{"@type":"ReadAction","target":["http:\/\/kappler.at\/stamm\/stt-htm\/history\/2003-2\/"]}]},{"@type":"ImageObject","inLanguage":"de","@id":"http:\/\/kappler.at\/stamm\/stt-htm\/history\/2003-2\/#primaryimage","url":"http:\/\/kappler.at\/stamm\/wp-content\/uploads\/sites\/2\/2015\/01\/2003_Sprungsemmel_John_09.jpg","contentUrl":"http:\/\/kappler.at\/stamm\/wp-content\/uploads\/sites\/2\/2015\/01\/2003_Sprungsemmel_John_09.jpg","width":440,"height":330,"caption":"2003_Sprungsemmel_John_09"},{"@type":"BreadcrumbList","@id":"http:\/\/kappler.at\/stamm\/stt-htm\/history\/2003-2\/#breadcrumb","itemListElement":[{"@type":"ListItem","position":1,"name":"Home","item":"http:\/\/kappler.at\/stamm\/"},{"@type":"ListItem","position":2,"name":"Franziskaner Stammtisch Hartberg","item":"http:\/\/kappler.at\/stamm\/"},{"@type":"ListItem","position":3,"name":"Franziskaner Stammtisch History","item":"http:\/\/kappler.at\/stamm\/stt-htm\/history\/"},{"@type":"ListItem","position":4,"name":"2003"}]},{"@type":"WebSite","@id":"http:\/\/kappler.at\/stamm\/#website","url":"http:\/\/kappler.at\/stamm\/","name":"Franziskaner Stammtisch","description":"the one and only","publisher":{"@id":"http:\/\/kappler.at\/stamm\/#organization"},"potentialAction":[{"@type":"SearchAction","target":{"@type":"EntryPoint","urlTemplate":"http:\/\/kappler.at\/stamm\/?s={search_term_string}"},"query-input":{"@type":"PropertyValueSpecification","valueRequired":true,"valueName":"search_term_string"}}],"inLanguage":"de"},{"@type":"Organization","@id":"http:\/\/kappler.at\/stamm\/#organization","name":"Franziskaner Stammtisch Hartberg","url":"http:\/\/kappler.at\/stamm\/","logo":{"@type":"ImageObject","inLanguage":"de","@id":"http:\/\/kappler.at\/stamm\/#\/schema\/logo\/image\/","url":"http:\/\/kappler.at\/stamm\/wp-content\/uploads\/sites\/2\/2016\/10\/StammtischLogo-e1476712092368.jpg","contentUrl":"http:\/\/kappler.at\/stamm\/wp-content\/uploads\/sites\/2\/2016\/10\/StammtischLogo-e1476712092368.jpg","width":126,"height":200,"caption":"Franziskaner Stammtisch Hartberg"},"image":{"@id":"http:\/\/kappler.at\/stamm\/#\/schema\/logo\/image\/"}}]}},"jetpack_shortlink":"https:\/\/wp.me\/P5aSXC-3c","jetpack_sharing_enabled":true,"_links":{"self":[{"href":"http:\/\/kappler.at\/stamm\/wp-json\/wp\/v2\/pages\/198","targetHints":{"allow":["GET"]}}],"collection":[{"href":"http:\/\/kappler.at\/stamm\/wp-json\/wp\/v2\/pages"}],"about":[{"href":"http:\/\/kappler.at\/stamm\/wp-json\/wp\/v2\/types\/page"}],"author":[{"embeddable":true,"href":"http:\/\/kappler.at\/stamm\/wp-json\/wp\/v2\/users\/1"}],"replies":[{"embeddable":true,"href":"http:\/\/kappler.at\/stamm\/wp-json\/wp\/v2\/comments?post=198"}],"version-history":[{"count":8,"href":"http:\/\/kappler.at\/stamm\/wp-json\/wp\/v2\/pages\/198\/revisions"}],"predecessor-version":[{"id":947,"href":"http:\/\/kappler.at\/stamm\/wp-json\/wp\/v2\/pages\/198\/revisions\/947"}],"up":[{"embeddable":true,"href":"http:\/\/kappler.at\/stamm\/wp-json\/wp\/v2\/pages\/141"}],"wp:attachment":[{"href":"http:\/\/kappler.at\/stamm\/wp-json\/wp\/v2\/media?parent=198"}],"curies":[{"name":"wp","href":"https:\/\/api.w.org\/{rel}","templated":true}]}}