{"id":1757,"date":"2020-02-20T07:48:35","date_gmt":"2020-02-20T06:48:35","guid":{"rendered":"http:\/\/kappler.at\/stamm\/?page_id=1757"},"modified":"2023-01-07T15:40:07","modified_gmt":"2023-01-07T14:40:07","slug":"2020-2","status":"publish","type":"page","link":"http:\/\/kappler.at\/stamm\/stt-htm\/history\/2020-2\/","title":{"rendered":"2020"},"content":{"rendered":"<div id=\"pl-1757\"  class=\"panel-layout\" ><div id=\"pg-1757-0\"  class=\"panel-grid panel-no-style\" ><div id=\"pgc-1757-0-0\"  class=\"panel-grid-cell\" ><div id=\"panel-1757-0-0-0\" class=\"so-panel widget widget_sow-editor panel-first-child panel-last-child widgetopts-SO\" data-index=\"0\" ><div\n\t\t\t\n\t\t\tclass=\"so-widget-sow-editor so-widget-sow-editor-base\"\n\t\t\t\n\t\t>\n<div class=\"siteorigin-widget-tinymce textwidget\">\n\t<h2>Franziskaner Stammtisch Hartberg 2020 - die H\u00f6hepunkte des Jahres 2020 chronologisch sortiert im \u00dcberblick<\/h2>\n<\/div>\n<\/div><\/div><\/div><\/div><div id=\"pg-1757-1\"  class=\"panel-grid panel-no-style\" ><div id=\"pgc-1757-1-0\"  class=\"panel-grid-cell\" ><div id=\"panel-1757-1-0-0\" class=\"so-panel widget widget_text panel-first-child panel-last-child widgetopts-SO\" data-index=\"1\" ><h3 class=\"widget-title\">1527<\/h3>\t\t\t<div class=\"textwidget\"><\/div>\n\t\t<\/div><\/div><div id=\"pgc-1757-1-1\"  class=\"panel-grid-cell\" ><div id=\"panel-1757-1-1-0\" class=\"so-panel widget widget_text panel-first-child panel-last-child widgetopts-SO\" data-index=\"2\" ><h3 class=\"widget-title\">29.10.2020 &#8211; letzter Stammtisch vor Lockdown<\/h3>\t\t\t<div class=\"textwidget\"><p>wir werden uns erst im n\u00e4chsten Jahr wieder sehen&#8230;.<\/p>\n<\/div>\n\t\t<\/div><\/div><\/div><div id=\"pg-1757-2\"  class=\"panel-grid panel-no-style\" ><div id=\"pgc-1757-2-0\"  class=\"panel-grid-cell\" ><div id=\"panel-1757-2-0-0\" class=\"so-panel widget widget_text panel-first-child panel-last-child widgetopts-SO\" data-index=\"3\" ><h3 class=\"widget-title\">1522<\/h3>\t\t\t<div class=\"textwidget\"><\/div>\n\t\t<\/div><\/div><div id=\"pgc-1757-2-1\"  class=\"panel-grid-cell\" ><div id=\"panel-1757-2-1-0\" class=\"so-panel widget widget_text panel-first-child widgetopts-SO\" data-index=\"4\" ><h3 class=\"widget-title\">24.09.2020 &#8211; 60er Feier Martino<\/h3>\t\t\t<div class=\"textwidget\"><p>Martino feiert seinen 60er &#8211; wir danken f\u00fcr Speis &amp; Trank und hoffen auf weitere Jahrzehnte Deiner Freundschaft<\/p>\n<\/div>\n\t\t<\/div><div id=\"panel-1757-2-1-1\" class=\"so-panel widget widget_siteorigin-panels-image panel-last-child widgetopts-SO\" data-index=\"5\" ><img decoding=\"async\" src=\"http:\/\/kappler.at\/stamm\/wp-content\/uploads\/sites\/2\/2020\/09\/2020-09-24-Martino-60er-19-e1601388695411.jpg\" \/><\/div><\/div><\/div><div id=\"pg-1757-3\"  class=\"panel-grid panel-no-style\" ><div id=\"pgc-1757-3-0\"  class=\"panel-grid-cell\" ><div id=\"panel-1757-3-0-0\" class=\"so-panel widget widget_text panel-first-child panel-last-child widgetopts-SO\" data-index=\"6\" ><h3 class=\"widget-title\">1511<\/h3>\t\t\t<div class=\"textwidget\"><\/div>\n\t\t<\/div><\/div><div id=\"pgc-1757-3-1\"  class=\"panel-grid-cell\" ><div id=\"panel-1757-3-1-0\" class=\"so-panel widget widget_text panel-first-child widgetopts-SO\" data-index=\"7\" ><h3 class=\"widget-title\">02.07.2020 &#8211; 10 Jahre Hansi\u00b4s Bierstube<\/h3>\t\t\t<div class=\"textwidget\"><p>Wir feiern mit unserem Stammtischwirt das 10 j\u00e4hrige Jubil\u00e4um und bedanken uns herzlich f\u00fcr Schweinsbraten &amp; Bier<\/p>\n<\/div>\n\t\t<\/div><div id=\"panel-1757-3-1-1\" class=\"so-panel widget widget_siteorigin-panels-image widgetopts-SO\" data-index=\"8\" ><img decoding=\"async\" src=\"http:\/\/kappler.at\/stamm\/wp-content\/uploads\/sites\/2\/2020\/07\/f5d789e2-ab3a-4217-8773-3c6ea4fa97d1-e1594374805928.jpg\" \/><\/div><div id=\"panel-1757-3-1-2\" class=\"so-panel widget widget_siteorigin-panels-image panel-last-child widgetopts-SO\" data-index=\"9\" ><img decoding=\"async\" src=\"http:\/\/kappler.at\/stamm\/wp-content\/uploads\/sites\/2\/2020\/07\/10JahreHansisBierstube-e1594375087790.jpg\" \/><\/div><\/div><\/div><div id=\"pg-1757-4\"  class=\"panel-grid panel-no-style\" ><div id=\"pgc-1757-4-0\"  class=\"panel-grid-cell\" ><div id=\"panel-1757-4-0-0\" class=\"so-panel widget widget_text panel-first-child panel-last-child widgetopts-SO\" data-index=\"10\" ><h3 class=\"widget-title\">1507<\/h3>\t\t\t<div class=\"textwidget\"><\/div>\n\t\t<\/div><\/div><div id=\"pgc-1757-4-1\"  class=\"panel-grid-cell\" ><div id=\"panel-1757-4-1-0\" class=\"so-panel widget widget_text panel-first-child panel-last-child widgetopts-SO\" data-index=\"11\" ><h3 class=\"widget-title\">28.05.2020 &#8211; Zur\u00fcck aus der Corona-Pause<\/h3>\t\t\t<div class=\"textwidget\"><p>Mit den aktuellen Abstandsregeln (nur 4 Personen pro Tisch) melden wir uns zur\u00fcck aus der Corona-Pause<\/p>\n<\/div>\n\t\t<\/div><\/div><\/div><div id=\"pg-1757-5\"  class=\"panel-grid panel-no-style\" ><div id=\"pgc-1757-5-0\"  class=\"panel-grid-cell\" ><div id=\"panel-1757-5-0-0\" class=\"so-panel widget widget_text panel-first-child panel-last-child widgetopts-SO\" data-index=\"12\" ><h3 class=\"widget-title\">1506<\/h3>\t\t\t<div class=\"textwidget\"><\/div>\n\t\t<\/div><\/div><div id=\"pgc-1757-5-1\"  class=\"panel-grid-cell\" ><div id=\"panel-1757-5-1-0\" class=\"so-panel widget widget_text panel-first-child panel-last-child widgetopts-SO\" data-index=\"13\" ><h3 class=\"widget-title\">02.04.2020 &#8211; Skype-Stammtisch<\/h3>\t\t\t<div class=\"textwidget\"><p>Wir lassen uns vom Virus nicht unterkriegen !<\/p>\n<p>Fredy, Hari, Robert und Sandy via Skype am virtuellen Stammtisch<\/p>\n<\/div>\n\t\t<\/div><\/div><\/div><div id=\"pg-1757-6\"  class=\"panel-grid panel-no-style\" ><div id=\"pgc-1757-6-0\"  class=\"panel-grid-cell\" ><div id=\"panel-1757-6-0-0\" class=\"so-panel widget widget_text panel-first-child panel-last-child widgetopts-SO\" data-index=\"14\" ><h3 class=\"widget-title\">1505<\/h3>\t\t\t<div class=\"textwidget\"><\/div>\n\t\t<\/div><\/div><div id=\"pgc-1757-6-1\"  class=\"panel-grid-cell\" ><div id=\"panel-1757-6-1-0\" class=\"so-panel widget widget_text panel-first-child widgetopts-SO\" data-index=\"15\" ><h3 class=\"widget-title\">26.03.2020 &#8211; Der erste Skype-Stammtisch der Geschichte<\/h3>\t\t\t<div class=\"textwidget\"><p>Wir lassen uns vom Virus nicht unterkriegen !<\/p>\n<p>Fredy, Hari, Robert und Sandy via Skype sowie Tom \u00fcber WhattsApp am virtuellen Stammtisch &#8211; Danke an Robert f\u00fcr die Idee und Umsetzung !<\/p>\n<\/div>\n\t\t<\/div><div id=\"panel-1757-6-1-1\" class=\"so-panel widget widget_siteorigin-panels-image panel-last-child widgetopts-SO\" data-index=\"16\" ><img decoding=\"async\" src=\"http:\/\/kappler.at\/stamm\/wp-content\/uploads\/sites\/2\/2020\/04\/1505-Skype-e1585722704110.jpg\" \/><\/div><\/div><\/div><div id=\"pg-1757-7\"  class=\"panel-grid panel-no-style\" ><div id=\"pgc-1757-7-0\"  class=\"panel-grid-cell\" ><div id=\"panel-1757-7-0-0\" class=\"so-panel widget widget_text panel-first-child panel-last-child widgetopts-SO\" data-index=\"17\" ><h3 class=\"widget-title\">1504<\/h3>\t\t\t<div class=\"textwidget\"><\/div>\n\t\t<\/div><\/div><div id=\"pgc-1757-7-1\"  class=\"panel-grid-cell\" ><div id=\"panel-1757-7-1-0\" class=\"so-panel widget widget_text panel-first-child widgetopts-SO\" data-index=\"18\" ><h3 class=\"widget-title\">19.03.2020 &#8211; Der Corona-Virus machts m\u00f6glich &#8211; Stammtisch als Home Office<\/h3>\t\t\t<div class=\"textwidget\"><\/div>\n\t\t<\/div><div id=\"panel-1757-7-1-1\" class=\"so-panel widget widget_siteorigin-panels-image panel-last-child widgetopts-SO\" data-index=\"19\" ><img decoding=\"async\" src=\"http:\/\/kappler.at\/stamm\/wp-content\/uploads\/sites\/2\/2020\/04\/1504-Home-Office-e1585722680808.jpeg\" \/><\/div><\/div><\/div><div id=\"pg-1757-8\"  class=\"panel-grid panel-no-style\" ><div id=\"pgc-1757-8-0\"  class=\"panel-grid-cell\" ><div id=\"panel-1757-8-0-0\" class=\"so-panel widget widget_text panel-first-child panel-last-child widgetopts-SO\" data-index=\"20\" ><h3 class=\"widget-title\">1500<\/h3>\t\t\t<div class=\"textwidget\"><\/div>\n\t\t<\/div><\/div><div id=\"pgc-1757-8-1\"  class=\"panel-grid-cell\" ><div id=\"panel-1757-8-1-0\" class=\"so-panel widget widget_text panel-first-child widgetopts-SO\" data-index=\"21\" ><h3 class=\"widget-title\">13.02.2020 &#8211; Der 1500. Stammtisch der Geschichte<\/h3>\t\t\t<div class=\"textwidget\"><p>Wir feiern mit Riesenpizza und Krapfen vom Wirt<\/p>\n<\/div>\n\t\t<\/div><div id=\"panel-1757-8-1-1\" class=\"so-panel widget widget_siteorigin-panels-image panel-last-child widgetopts-SO\" data-index=\"22\" ><img decoding=\"async\" src=\"http:\/\/kappler.at\/stamm\/wp-content\/uploads\/sites\/2\/2020\/02\/2019-02-13-STT_1500-12-e1582273047396.jpg\" \/><\/div><\/div><\/div><div id=\"pg-1757-9\"  class=\"panel-grid panel-no-style\" ><div id=\"pgc-1757-9-0\"  class=\"panel-grid-cell\" ><div id=\"panel-1757-9-0-0\" class=\"so-panel widget widget_text panel-first-child panel-last-child widgetopts-SO\" data-index=\"23\" ><h3 class=\"widget-title\">1497<\/h3>\t\t\t<div class=\"textwidget\"><\/div>\n\t\t<\/div><\/div><div id=\"pgc-1757-9-1\"  class=\"panel-grid-cell\" ><div id=\"panel-1757-9-1-0\" class=\"so-panel widget widget_text panel-first-child panel-last-child widgetopts-SO\" data-index=\"24\" ><h3 class=\"widget-title\">22.-25.01.2020 &#8211; Schiopening Rauris<\/h3>\t\t\t<div class=\"textwidget\"><p>Fredy, Hans, Hari, Martin und Tom beim Sonnenschilauf<\/p>\n<\/div>\n\t\t<\/div><\/div><\/div><\/div>","protected":false},"excerpt":{"rendered":"<p>Franziskaner Stammtisch Hartberg 2020 &#8211; die H\u00f6hepunkte des Jahres 2020 chronologisch sortiert im \u00dcberblick wir werden uns erst im n\u00e4chsten Jahr wieder sehen&#8230;.<\/p>\n","protected":false},"author":1,"featured_media":0,"parent":141,"menu_order":0,"comment_status":"open","ping_status":"closed","template":"page-feature.php","meta":{"kt_blocks_editor_width":"","ngg_post_thumbnail":0,"jetpack_post_was_ever_published":false,"footnotes":""},"class_list":["post-1757","page","type-page","status-publish","hentry"],"yoast_head":"<!-- This site is optimized with the Yoast SEO plugin v27.3 - https:\/\/yoast.com\/product\/yoast-seo-wordpress\/ -->\n<title>Franziskaner Stammtisch Hartberg\u00a02020<\/title>\n<meta name=\"description\" content=\"Franziskaner Stammtisch Hartberg 2020 - die H\u00f6hepunkte des Jahres 2020 chronologisch sortiert im \u00dcberblick\" \/>\n<meta name=\"robots\" content=\"index, follow, max-snippet:-1, max-image-preview:large, max-video-preview:-1\" \/>\n<link rel=\"canonical\" href=\"http:\/\/kappler.at\/stamm\/stt-htm\/history\/2020-2\/\" \/>\n<meta property=\"og:locale\" content=\"de_DE\" \/>\n<meta property=\"og:type\" content=\"article\" \/>\n<meta property=\"og:title\" content=\"Franziskaner Stammtisch Hartberg\u00a02020\" \/>\n<meta property=\"og:description\" content=\"Franziskaner Stammtisch Hartberg 2020 - die H\u00f6hepunkte des Jahres 2020 chronologisch sortiert im \u00dcberblick\" \/>\n<meta property=\"og:url\" content=\"http:\/\/kappler.at\/stamm\/stt-htm\/history\/2020-2\/\" \/>\n<meta property=\"og:site_name\" content=\"Franziskaner Stammtisch\" \/>\n<meta property=\"article:modified_time\" content=\"2023-01-07T14:40:07+00:00\" \/>\n<meta name=\"twitter:label1\" content=\"Gesch\u00e4tzte Lesezeit\" \/>\n\t<meta name=\"twitter:data1\" content=\"2\u00a0Minuten\" \/>\n<script type=\"application\/ld+json\" class=\"yoast-schema-graph\">{\"@context\":\"https:\\\/\\\/schema.org\",\"@graph\":[{\"@type\":\"WebPage\",\"@id\":\"http:\\\/\\\/kappler.at\\\/stamm\\\/stt-htm\\\/history\\\/2020-2\\\/\",\"url\":\"http:\\\/\\\/kappler.at\\\/stamm\\\/stt-htm\\\/history\\\/2020-2\\\/\",\"name\":\"Franziskaner Stammtisch Hartberg\u00a02020\",\"isPartOf\":{\"@id\":\"http:\\\/\\\/kappler.at\\\/stamm\\\/#website\"},\"datePublished\":\"2020-02-20T06:48:35+00:00\",\"dateModified\":\"2023-01-07T14:40:07+00:00\",\"description\":\"Franziskaner Stammtisch Hartberg 2020 - die H\u00f6hepunkte des Jahres 2020 chronologisch sortiert im \u00dcberblick\",\"breadcrumb\":{\"@id\":\"http:\\\/\\\/kappler.at\\\/stamm\\\/stt-htm\\\/history\\\/2020-2\\\/#breadcrumb\"},\"inLanguage\":\"de\",\"potentialAction\":[{\"@type\":\"ReadAction\",\"target\":[\"http:\\\/\\\/kappler.at\\\/stamm\\\/stt-htm\\\/history\\\/2020-2\\\/\"]}]},{\"@type\":\"BreadcrumbList\",\"@id\":\"http:\\\/\\\/kappler.at\\\/stamm\\\/stt-htm\\\/history\\\/2020-2\\\/#breadcrumb\",\"itemListElement\":[{\"@type\":\"ListItem\",\"position\":1,\"name\":\"Home\",\"item\":\"http:\\\/\\\/kappler.at\\\/stamm\\\/\"},{\"@type\":\"ListItem\",\"position\":2,\"name\":\"Franziskaner Stammtisch Hartberg\",\"item\":\"http:\\\/\\\/kappler.at\\\/stamm\\\/\"},{\"@type\":\"ListItem\",\"position\":3,\"name\":\"Franziskaner Stammtisch History\",\"item\":\"http:\\\/\\\/kappler.at\\\/stamm\\\/stt-htm\\\/history\\\/\"},{\"@type\":\"ListItem\",\"position\":4,\"name\":\"2020\"}]},{\"@type\":\"WebSite\",\"@id\":\"http:\\\/\\\/kappler.at\\\/stamm\\\/#website\",\"url\":\"http:\\\/\\\/kappler.at\\\/stamm\\\/\",\"name\":\"Franziskaner Stammtisch\",\"description\":\"the one and only\",\"publisher\":{\"@id\":\"http:\\\/\\\/kappler.at\\\/stamm\\\/#organization\"},\"potentialAction\":[{\"@type\":\"SearchAction\",\"target\":{\"@type\":\"EntryPoint\",\"urlTemplate\":\"http:\\\/\\\/kappler.at\\\/stamm\\\/?s={search_term_string}\"},\"query-input\":{\"@type\":\"PropertyValueSpecification\",\"valueRequired\":true,\"valueName\":\"search_term_string\"}}],\"inLanguage\":\"de\"},{\"@type\":\"Organization\",\"@id\":\"http:\\\/\\\/kappler.at\\\/stamm\\\/#organization\",\"name\":\"Franziskaner Stammtisch Hartberg\",\"url\":\"http:\\\/\\\/kappler.at\\\/stamm\\\/\",\"logo\":{\"@type\":\"ImageObject\",\"inLanguage\":\"de\",\"@id\":\"http:\\\/\\\/kappler.at\\\/stamm\\\/#\\\/schema\\\/logo\\\/image\\\/\",\"url\":\"http:\\\/\\\/kappler.at\\\/stamm\\\/wp-content\\\/uploads\\\/sites\\\/2\\\/2016\\\/10\\\/StammtischLogo-e1476712092368.jpg\",\"contentUrl\":\"http:\\\/\\\/kappler.at\\\/stamm\\\/wp-content\\\/uploads\\\/sites\\\/2\\\/2016\\\/10\\\/StammtischLogo-e1476712092368.jpg\",\"width\":126,\"height\":200,\"caption\":\"Franziskaner Stammtisch Hartberg\"},\"image\":{\"@id\":\"http:\\\/\\\/kappler.at\\\/stamm\\\/#\\\/schema\\\/logo\\\/image\\\/\"}}]}<\/script>\n<!-- \/ Yoast SEO plugin. -->","yoast_head_json":{"title":"Franziskaner Stammtisch Hartberg\u00a02020","description":"Franziskaner Stammtisch Hartberg 2020 - die H\u00f6hepunkte des Jahres 2020 chronologisch sortiert im \u00dcberblick","robots":{"index":"index","follow":"follow","max-snippet":"max-snippet:-1","max-image-preview":"max-image-preview:large","max-video-preview":"max-video-preview:-1"},"canonical":"http:\/\/kappler.at\/stamm\/stt-htm\/history\/2020-2\/","og_locale":"de_DE","og_type":"article","og_title":"Franziskaner Stammtisch Hartberg\u00a02020","og_description":"Franziskaner Stammtisch Hartberg 2020 - die H\u00f6hepunkte des Jahres 2020 chronologisch sortiert im \u00dcberblick","og_url":"http:\/\/kappler.at\/stamm\/stt-htm\/history\/2020-2\/","og_site_name":"Franziskaner Stammtisch","article_modified_time":"2023-01-07T14:40:07+00:00","twitter_misc":{"Gesch\u00e4tzte Lesezeit":"2\u00a0Minuten"},"schema":{"@context":"https:\/\/schema.org","@graph":[{"@type":"WebPage","@id":"http:\/\/kappler.at\/stamm\/stt-htm\/history\/2020-2\/","url":"http:\/\/kappler.at\/stamm\/stt-htm\/history\/2020-2\/","name":"Franziskaner Stammtisch Hartberg\u00a02020","isPartOf":{"@id":"http:\/\/kappler.at\/stamm\/#website"},"datePublished":"2020-02-20T06:48:35+00:00","dateModified":"2023-01-07T14:40:07+00:00","description":"Franziskaner Stammtisch Hartberg 2020 - die H\u00f6hepunkte des Jahres 2020 chronologisch sortiert im \u00dcberblick","breadcrumb":{"@id":"http:\/\/kappler.at\/stamm\/stt-htm\/history\/2020-2\/#breadcrumb"},"inLanguage":"de","potentialAction":[{"@type":"ReadAction","target":["http:\/\/kappler.at\/stamm\/stt-htm\/history\/2020-2\/"]}]},{"@type":"BreadcrumbList","@id":"http:\/\/kappler.at\/stamm\/stt-htm\/history\/2020-2\/#breadcrumb","itemListElement":[{"@type":"ListItem","position":1,"name":"Home","item":"http:\/\/kappler.at\/stamm\/"},{"@type":"ListItem","position":2,"name":"Franziskaner Stammtisch Hartberg","item":"http:\/\/kappler.at\/stamm\/"},{"@type":"ListItem","position":3,"name":"Franziskaner Stammtisch History","item":"http:\/\/kappler.at\/stamm\/stt-htm\/history\/"},{"@type":"ListItem","position":4,"name":"2020"}]},{"@type":"WebSite","@id":"http:\/\/kappler.at\/stamm\/#website","url":"http:\/\/kappler.at\/stamm\/","name":"Franziskaner Stammtisch","description":"the one and only","publisher":{"@id":"http:\/\/kappler.at\/stamm\/#organization"},"potentialAction":[{"@type":"SearchAction","target":{"@type":"EntryPoint","urlTemplate":"http:\/\/kappler.at\/stamm\/?s={search_term_string}"},"query-input":{"@type":"PropertyValueSpecification","valueRequired":true,"valueName":"search_term_string"}}],"inLanguage":"de"},{"@type":"Organization","@id":"http:\/\/kappler.at\/stamm\/#organization","name":"Franziskaner Stammtisch Hartberg","url":"http:\/\/kappler.at\/stamm\/","logo":{"@type":"ImageObject","inLanguage":"de","@id":"http:\/\/kappler.at\/stamm\/#\/schema\/logo\/image\/","url":"http:\/\/kappler.at\/stamm\/wp-content\/uploads\/sites\/2\/2016\/10\/StammtischLogo-e1476712092368.jpg","contentUrl":"http:\/\/kappler.at\/stamm\/wp-content\/uploads\/sites\/2\/2016\/10\/StammtischLogo-e1476712092368.jpg","width":126,"height":200,"caption":"Franziskaner Stammtisch Hartberg"},"image":{"@id":"http:\/\/kappler.at\/stamm\/#\/schema\/logo\/image\/"}}]}},"jetpack_shortlink":"https:\/\/wp.me\/P5aSXC-sl","jetpack_sharing_enabled":true,"_links":{"self":[{"href":"http:\/\/kappler.at\/stamm\/wp-json\/wp\/v2\/pages\/1757","targetHints":{"allow":["GET"]}}],"collection":[{"href":"http:\/\/kappler.at\/stamm\/wp-json\/wp\/v2\/pages"}],"about":[{"href":"http:\/\/kappler.at\/stamm\/wp-json\/wp\/v2\/types\/page"}],"author":[{"embeddable":true,"href":"http:\/\/kappler.at\/stamm\/wp-json\/wp\/v2\/users\/1"}],"replies":[{"embeddable":true,"href":"http:\/\/kappler.at\/stamm\/wp-json\/wp\/v2\/comments?post=1757"}],"version-history":[{"count":21,"href":"http:\/\/kappler.at\/stamm\/wp-json\/wp\/v2\/pages\/1757\/revisions"}],"predecessor-version":[{"id":2075,"href":"http:\/\/kappler.at\/stamm\/wp-json\/wp\/v2\/pages\/1757\/revisions\/2075"}],"up":[{"embeddable":true,"href":"http:\/\/kappler.at\/stamm\/wp-json\/wp\/v2\/pages\/141"}],"wp:attachment":[{"href":"http:\/\/kappler.at\/stamm\/wp-json\/wp\/v2\/media?parent=1757"}],"curies":[{"name":"wp","href":"https:\/\/api.w.org\/{rel}","templated":true}]}}