{"id":157,"date":"2014-10-13T14:02:59","date_gmt":"2014-10-13T13:02:59","guid":{"rendered":"http:\/\/kappler.at.admin.xmail.xpirio.net\/stamm\/?page_id=157"},"modified":"2018-12-15T14:34:32","modified_gmt":"2018-12-15T13:34:32","slug":"2012-2","status":"publish","type":"page","link":"http:\/\/kappler.at\/stamm\/stt-htm\/history\/2012-2\/","title":{"rendered":"2012"},"content":{"rendered":"<div id=\"pl-157\"  class=\"panel-layout\" ><div id=\"pg-157-0\"  class=\"panel-grid panel-no-style\" ><div id=\"pgc-157-0-0\"  class=\"panel-grid-cell panel-grid-cell-empty\" ><\/div><div id=\"pgc-157-0-1\"  class=\"panel-grid-cell\" ><div id=\"panel-157-0-1-0\" class=\"so-panel widget widget_text panel-first-child panel-last-child widgetopts-SO\" data-index=\"0\" ><h3 class=\"widget-title\">29.12.2012 &#8211; Jahresfeier<\/h3>\t\t\t<div class=\"textwidget\"><p>wir feiern mit unseren M\u00e4dls den Jahreswechsel<\/p>\n<\/div>\n\t\t<\/div><\/div><\/div><div id=\"pg-157-1\"  class=\"panel-grid panel-no-style\" ><div id=\"pgc-157-1-0\"  class=\"panel-grid-cell\" ><div id=\"panel-157-1-0-0\" class=\"so-panel widget widget_text panel-first-child panel-last-child\" data-index=\"1\" ><h3 class=\"widget-title\">1151<\/h3>\t\t\t<div class=\"textwidget\"><\/div>\n\t\t<\/div><\/div><div id=\"pgc-157-1-1\"  class=\"panel-grid-cell\" ><div id=\"panel-157-1-1-0\" class=\"so-panel widget widget_text panel-first-child\" data-index=\"2\" ><h3 class=\"widget-title\">4.-5.10.2012 &#8211; Wiesnbesuch<\/h3>\t\t\t<div class=\"textwidget\">Franz, Fredy, Hari, Martin, Martino, Robert, Sandy und Tom als G\u00e4ste der L\u00f6wenbr\u00e4u auf dem M\u00fcnchner Oktoberfest - Dank an Sandy f\u00fcr Organisation & Transport<\/div>\n\t\t<\/div><div id=\"panel-157-1-1-1\" class=\"so-panel widget widget_sow-editor panel-last-child widgetopts-SO\" data-index=\"3\" ><div\n\t\t\t\n\t\t\tclass=\"so-widget-sow-editor so-widget-sow-editor-base\"\n\t\t\t\n\t\t>\n<div class=\"siteorigin-widget-tinymce textwidget\">\n\t<p><img decoding=\"async\" src=\"http:\/\/kappler.at\/stamm\/wp-content\/uploads\/sites\/2\/2014\/12\/2012-Oktoberfest-096-e1419863706779.jpg\" \/><\/p>\n<\/div>\n<\/div><\/div><\/div><\/div><div id=\"pg-157-2\"  class=\"panel-grid panel-no-style\" ><div id=\"pgc-157-2-0\"  class=\"panel-grid-cell\" ><div id=\"panel-157-2-0-0\" class=\"so-panel widget widget_text panel-first-child panel-last-child\" data-index=\"4\" ><h3 class=\"widget-title\">1139<\/h3>\t\t\t<div class=\"textwidget\"><\/div>\n\t\t<\/div><\/div><div id=\"pgc-157-2-1\"  class=\"panel-grid-cell\" ><div id=\"panel-157-2-1-0\" class=\"so-panel widget widget_text panel-first-child\" data-index=\"5\" ><h3 class=\"widget-title\">05.07.2012 &#8211; Kirchturmbesteigung<\/h3>\t\t\t<div class=\"textwidget\">Eine fachkundige F\u00fchrung f\u00fcr Franz, Fredy, Hari, John, Martin und Robert durch unseren Mesner Sepp Fink durch die Geschichte und Architektur unserer Stadtpfarrkirche mit Besteigung des Kirchturms und des Dachstuhles\n\nEin beeindruckendes Erlebnis - danke Sepp !<\/div>\n\t\t<\/div><div id=\"panel-157-2-1-1\" class=\"so-panel widget widget_sow-editor panel-last-child widgetopts-SO\" data-index=\"6\" ><div\n\t\t\t\n\t\t\tclass=\"so-widget-sow-editor so-widget-sow-editor-base\"\n\t\t\t\n\t\t>\n<div class=\"siteorigin-widget-tinymce textwidget\">\n\t<p><img decoding=\"async\" src=\"http:\/\/kappler.at\/stamm\/wp-content\/uploads\/sites\/2\/2014\/12\/2012-Kirchturm-105-e1419863715238.jpg\" \/><\/p>\n<\/div>\n<\/div><\/div><\/div><\/div><div id=\"pg-157-3\"  class=\"panel-grid panel-no-style\" ><div id=\"pgc-157-3-0\"  class=\"panel-grid-cell panel-grid-cell-empty\" ><\/div><div id=\"pgc-157-3-1\"  class=\"panel-grid-cell\" ><div id=\"panel-157-3-1-0\" class=\"so-panel widget widget_text panel-first-child panel-last-child\" data-index=\"7\" ><h3 class=\"widget-title\">08.06.-01.07.2012 &#8211; EM-Toto<\/h3>\t\t\t<div class=\"textwidget\">Sieger: Hari<\/div>\n\t\t<\/div><\/div><\/div><div id=\"pg-157-4\"  class=\"panel-grid panel-no-style\" ><div id=\"pgc-157-4-0\"  class=\"panel-grid-cell\" ><div id=\"panel-157-4-0-0\" class=\"so-panel widget widget_text panel-first-child panel-last-child\" data-index=\"8\" ><h3 class=\"widget-title\">1133<\/h3>\t\t\t<div class=\"textwidget\"><\/div>\n\t\t<\/div><\/div><div id=\"pgc-157-4-1\"  class=\"panel-grid-cell\" ><div id=\"panel-157-4-1-0\" class=\"so-panel widget widget_text panel-first-child\" data-index=\"9\" ><h3 class=\"widget-title\">17.05.2012 &#8211; Hofbr\u00e4ufest bei Toni Br\u00e4u<\/h3>\t\t\t<div class=\"textwidget\">Hans, Hari & Karin, John, Martin & Gabi auf \"Fu\u00dfwallfahrt\" zum Tonibr\u00e4u<\/div>\n\t\t<\/div><div id=\"panel-157-4-1-1\" class=\"so-panel widget widget_sow-editor panel-last-child\" data-index=\"10\" ><div\n\t\t\t\n\t\t\tclass=\"so-widget-sow-editor so-widget-sow-editor-base\"\n\t\t\t\n\t\t>\n<div class=\"siteorigin-widget-tinymce textwidget\">\n\t<p><img decoding=\"async\" src=\"http:\/\/kappler.at\/stamm\/wp-content\/uploads\/sites\/2\/2014\/12\/2012Tonibrau-e1419863690190.jpg\" \/><\/p>\n<\/div>\n<\/div><\/div><\/div><\/div><div id=\"pg-157-5\"  class=\"panel-grid panel-no-style\" ><div id=\"pgc-157-5-0\"  class=\"panel-grid-cell\" ><div id=\"panel-157-5-0-0\" class=\"so-panel widget widget_text panel-first-child panel-last-child\" data-index=\"11\" ><h3 class=\"widget-title\">1132<\/h3>\t\t\t<div class=\"textwidget\"><\/div>\n\t\t<\/div><\/div><div id=\"pgc-157-5-1\"  class=\"panel-grid-cell\" ><div id=\"panel-157-5-1-0\" class=\"so-panel widget widget_text panel-first-child panel-last-child\" data-index=\"12\" ><h3 class=\"widget-title\">10.05.2012 &#8211; Gastgartener\u00f6ffnung<\/h3>\t\t\t<div class=\"textwidget\"><\/div>\n\t\t<\/div><\/div><\/div><div id=\"pg-157-6\"  class=\"panel-grid panel-no-style\" ><div id=\"pgc-157-6-0\"  class=\"panel-grid-cell\" ><div id=\"panel-157-6-0-0\" class=\"so-panel widget widget_text panel-first-child panel-last-child\" data-index=\"13\" ><h3 class=\"widget-title\">1116<\/h3>\t\t\t<div class=\"textwidget\"><\/div>\n\t\t<\/div><\/div><div id=\"pgc-157-6-1\"  class=\"panel-grid-cell\" ><div id=\"panel-157-6-1-0\" class=\"so-panel widget widget_text panel-first-child\" data-index=\"14\" ><h3 class=\"widget-title\">11.-14.01.2012 17. Stammtisch Schiopening Flachau<\/h3>\t\t\t<div class=\"textwidget\">unser 11. Ausflug zum Latschenhof in die Flachau - Franz, Hari, John, Martin und Tom auf Schiurlaub<\/div>\n\t\t<\/div><div id=\"panel-157-6-1-1\" class=\"so-panel widget widget_sow-editor panel-last-child\" data-index=\"15\" ><div\n\t\t\t\n\t\t\tclass=\"so-widget-sow-editor so-widget-sow-editor-base\"\n\t\t\t\n\t\t>\n<div class=\"siteorigin-widget-tinymce textwidget\">\n\t<p><img decoding=\"async\" src=\"http:\/\/kappler.at\/stamm\/wp-content\/uploads\/sites\/2\/2014\/12\/2012Flachau-e1419863698817.jpg\" \/><\/p>\n<\/div>\n<\/div><\/div><\/div><\/div><\/div>","protected":false},"excerpt":{"rendered":"<p>wir feiern mit unseren M\u00e4dls den Jahreswechsel Franz, Fredy, Hari, Martin, Martino, Robert, Sandy und Tom als G\u00e4ste der L\u00f6wenbr\u00e4u auf dem M\u00fcnchner Oktoberfest &#8211; Dank an Sandy f\u00fcr Organisation &#038; Transport<\/p>\n","protected":false},"author":1,"featured_media":0,"parent":141,"menu_order":0,"comment_status":"open","ping_status":"open","template":"page-feature.php","meta":{"kt_blocks_editor_width":"","ngg_post_thumbnail":0,"jetpack_post_was_ever_published":false,"footnotes":""},"class_list":["post-157","page","type-page","status-publish","hentry"],"yoast_head":"<!-- This site is optimized with the Yoast SEO plugin v27.4 - https:\/\/yoast.com\/product\/yoast-seo-wordpress\/ -->\n<title>Franziskaner Stammtisch Hartberg 2012<\/title>\n<meta name=\"description\" content=\"Franziskaner Stammtisch Hartberg 2012 - die H\u00f6hepunkte des Jahres chronologisch sortiert im \u00dcberblick\" \/>\n<meta name=\"robots\" content=\"index, follow, max-snippet:-1, max-image-preview:large, max-video-preview:-1\" \/>\n<link rel=\"canonical\" href=\"http:\/\/kappler.at\/stamm\/stt-htm\/history\/2012-2\/\" \/>\n<meta property=\"og:locale\" content=\"de_DE\" \/>\n<meta property=\"og:type\" content=\"article\" \/>\n<meta property=\"og:title\" content=\"Franziskaner Stammtisch Hartberg 2012\" \/>\n<meta property=\"og:description\" content=\"Franziskaner Stammtisch Hartberg 2012 - die H\u00f6hepunkte des Jahres chronologisch sortiert im \u00dcberblick\" \/>\n<meta property=\"og:url\" content=\"http:\/\/kappler.at\/stamm\/stt-htm\/history\/2012-2\/\" \/>\n<meta property=\"og:site_name\" content=\"Franziskaner Stammtisch\" \/>\n<meta property=\"article:modified_time\" content=\"2018-12-15T13:34:32+00:00\" \/>\n<meta property=\"og:image\" content=\"http:\/\/kappler.at\/stamm\/wp-content\/uploads\/sites\/2\/2014\/12\/2012-Oktoberfest-096-e1419863706779.jpg\" \/>\n<meta name=\"twitter:label1\" content=\"Gesch\u00e4tzte Lesezeit\" \/>\n\t<meta name=\"twitter:data1\" content=\"1\u00a0Minute\" \/>\n<script type=\"application\/ld+json\" class=\"yoast-schema-graph\">{\"@context\":\"https:\\\/\\\/schema.org\",\"@graph\":[{\"@type\":\"WebPage\",\"@id\":\"http:\\\/\\\/kappler.at\\\/stamm\\\/stt-htm\\\/history\\\/2012-2\\\/\",\"url\":\"http:\\\/\\\/kappler.at\\\/stamm\\\/stt-htm\\\/history\\\/2012-2\\\/\",\"name\":\"Franziskaner Stammtisch Hartberg 2012\",\"isPartOf\":{\"@id\":\"http:\\\/\\\/kappler.at\\\/stamm\\\/#website\"},\"primaryImageOfPage\":{\"@id\":\"http:\\\/\\\/kappler.at\\\/stamm\\\/stt-htm\\\/history\\\/2012-2\\\/#primaryimage\"},\"image\":{\"@id\":\"http:\\\/\\\/kappler.at\\\/stamm\\\/stt-htm\\\/history\\\/2012-2\\\/#primaryimage\"},\"thumbnailUrl\":\"http:\\\/\\\/kappler.at\\\/stamm\\\/wp-content\\\/uploads\\\/sites\\\/2\\\/2014\\\/12\\\/2012-Oktoberfest-096-e1419863706779.jpg\",\"datePublished\":\"2014-10-13T13:02:59+00:00\",\"dateModified\":\"2018-12-15T13:34:32+00:00\",\"description\":\"Franziskaner Stammtisch Hartberg 2012 - die H\u00f6hepunkte des Jahres chronologisch sortiert im \u00dcberblick\",\"breadcrumb\":{\"@id\":\"http:\\\/\\\/kappler.at\\\/stamm\\\/stt-htm\\\/history\\\/2012-2\\\/#breadcrumb\"},\"inLanguage\":\"de\",\"potentialAction\":[{\"@type\":\"ReadAction\",\"target\":[\"http:\\\/\\\/kappler.at\\\/stamm\\\/stt-htm\\\/history\\\/2012-2\\\/\"]}]},{\"@type\":\"ImageObject\",\"inLanguage\":\"de\",\"@id\":\"http:\\\/\\\/kappler.at\\\/stamm\\\/stt-htm\\\/history\\\/2012-2\\\/#primaryimage\",\"url\":\"http:\\\/\\\/kappler.at\\\/stamm\\\/wp-content\\\/uploads\\\/sites\\\/2\\\/2014\\\/12\\\/2012-Oktoberfest-096-e1419863706779.jpg\",\"contentUrl\":\"http:\\\/\\\/kappler.at\\\/stamm\\\/wp-content\\\/uploads\\\/sites\\\/2\\\/2014\\\/12\\\/2012-Oktoberfest-096-e1419863706779.jpg\",\"width\":445,\"height\":334,\"caption\":\"2012 Oktoberfest 096\"},{\"@type\":\"BreadcrumbList\",\"@id\":\"http:\\\/\\\/kappler.at\\\/stamm\\\/stt-htm\\\/history\\\/2012-2\\\/#breadcrumb\",\"itemListElement\":[{\"@type\":\"ListItem\",\"position\":1,\"name\":\"Home\",\"item\":\"http:\\\/\\\/kappler.at\\\/stamm\\\/\"},{\"@type\":\"ListItem\",\"position\":2,\"name\":\"Franziskaner Stammtisch Hartberg\",\"item\":\"http:\\\/\\\/kappler.at\\\/stamm\\\/\"},{\"@type\":\"ListItem\",\"position\":3,\"name\":\"Franziskaner Stammtisch History\",\"item\":\"http:\\\/\\\/kappler.at\\\/stamm\\\/stt-htm\\\/history\\\/\"},{\"@type\":\"ListItem\",\"position\":4,\"name\":\"2012\"}]},{\"@type\":\"WebSite\",\"@id\":\"http:\\\/\\\/kappler.at\\\/stamm\\\/#website\",\"url\":\"http:\\\/\\\/kappler.at\\\/stamm\\\/\",\"name\":\"Franziskaner Stammtisch\",\"description\":\"the one and only\",\"publisher\":{\"@id\":\"http:\\\/\\\/kappler.at\\\/stamm\\\/#organization\"},\"potentialAction\":[{\"@type\":\"SearchAction\",\"target\":{\"@type\":\"EntryPoint\",\"urlTemplate\":\"http:\\\/\\\/kappler.at\\\/stamm\\\/?s={search_term_string}\"},\"query-input\":{\"@type\":\"PropertyValueSpecification\",\"valueRequired\":true,\"valueName\":\"search_term_string\"}}],\"inLanguage\":\"de\"},{\"@type\":\"Organization\",\"@id\":\"http:\\\/\\\/kappler.at\\\/stamm\\\/#organization\",\"name\":\"Franziskaner Stammtisch Hartberg\",\"url\":\"http:\\\/\\\/kappler.at\\\/stamm\\\/\",\"logo\":{\"@type\":\"ImageObject\",\"inLanguage\":\"de\",\"@id\":\"http:\\\/\\\/kappler.at\\\/stamm\\\/#\\\/schema\\\/logo\\\/image\\\/\",\"url\":\"http:\\\/\\\/kappler.at\\\/stamm\\\/wp-content\\\/uploads\\\/sites\\\/2\\\/2016\\\/10\\\/StammtischLogo-e1476712092368.jpg\",\"contentUrl\":\"http:\\\/\\\/kappler.at\\\/stamm\\\/wp-content\\\/uploads\\\/sites\\\/2\\\/2016\\\/10\\\/StammtischLogo-e1476712092368.jpg\",\"width\":126,\"height\":200,\"caption\":\"Franziskaner Stammtisch Hartberg\"},\"image\":{\"@id\":\"http:\\\/\\\/kappler.at\\\/stamm\\\/#\\\/schema\\\/logo\\\/image\\\/\"}}]}<\/script>\n<!-- \/ Yoast SEO plugin. -->","yoast_head_json":{"title":"Franziskaner Stammtisch Hartberg 2012","description":"Franziskaner Stammtisch Hartberg 2012 - die H\u00f6hepunkte des Jahres chronologisch sortiert im \u00dcberblick","robots":{"index":"index","follow":"follow","max-snippet":"max-snippet:-1","max-image-preview":"max-image-preview:large","max-video-preview":"max-video-preview:-1"},"canonical":"http:\/\/kappler.at\/stamm\/stt-htm\/history\/2012-2\/","og_locale":"de_DE","og_type":"article","og_title":"Franziskaner Stammtisch Hartberg 2012","og_description":"Franziskaner Stammtisch Hartberg 2012 - die H\u00f6hepunkte des Jahres chronologisch sortiert im \u00dcberblick","og_url":"http:\/\/kappler.at\/stamm\/stt-htm\/history\/2012-2\/","og_site_name":"Franziskaner Stammtisch","article_modified_time":"2018-12-15T13:34:32+00:00","og_image":[{"url":"http:\/\/kappler.at\/stamm\/wp-content\/uploads\/sites\/2\/2014\/12\/2012-Oktoberfest-096-e1419863706779.jpg","type":"","width":"","height":""}],"twitter_misc":{"Gesch\u00e4tzte Lesezeit":"1\u00a0Minute"},"schema":{"@context":"https:\/\/schema.org","@graph":[{"@type":"WebPage","@id":"http:\/\/kappler.at\/stamm\/stt-htm\/history\/2012-2\/","url":"http:\/\/kappler.at\/stamm\/stt-htm\/history\/2012-2\/","name":"Franziskaner Stammtisch Hartberg 2012","isPartOf":{"@id":"http:\/\/kappler.at\/stamm\/#website"},"primaryImageOfPage":{"@id":"http:\/\/kappler.at\/stamm\/stt-htm\/history\/2012-2\/#primaryimage"},"image":{"@id":"http:\/\/kappler.at\/stamm\/stt-htm\/history\/2012-2\/#primaryimage"},"thumbnailUrl":"http:\/\/kappler.at\/stamm\/wp-content\/uploads\/sites\/2\/2014\/12\/2012-Oktoberfest-096-e1419863706779.jpg","datePublished":"2014-10-13T13:02:59+00:00","dateModified":"2018-12-15T13:34:32+00:00","description":"Franziskaner Stammtisch Hartberg 2012 - die H\u00f6hepunkte des Jahres chronologisch sortiert im \u00dcberblick","breadcrumb":{"@id":"http:\/\/kappler.at\/stamm\/stt-htm\/history\/2012-2\/#breadcrumb"},"inLanguage":"de","potentialAction":[{"@type":"ReadAction","target":["http:\/\/kappler.at\/stamm\/stt-htm\/history\/2012-2\/"]}]},{"@type":"ImageObject","inLanguage":"de","@id":"http:\/\/kappler.at\/stamm\/stt-htm\/history\/2012-2\/#primaryimage","url":"http:\/\/kappler.at\/stamm\/wp-content\/uploads\/sites\/2\/2014\/12\/2012-Oktoberfest-096-e1419863706779.jpg","contentUrl":"http:\/\/kappler.at\/stamm\/wp-content\/uploads\/sites\/2\/2014\/12\/2012-Oktoberfest-096-e1419863706779.jpg","width":445,"height":334,"caption":"2012 Oktoberfest 096"},{"@type":"BreadcrumbList","@id":"http:\/\/kappler.at\/stamm\/stt-htm\/history\/2012-2\/#breadcrumb","itemListElement":[{"@type":"ListItem","position":1,"name":"Home","item":"http:\/\/kappler.at\/stamm\/"},{"@type":"ListItem","position":2,"name":"Franziskaner Stammtisch Hartberg","item":"http:\/\/kappler.at\/stamm\/"},{"@type":"ListItem","position":3,"name":"Franziskaner Stammtisch History","item":"http:\/\/kappler.at\/stamm\/stt-htm\/history\/"},{"@type":"ListItem","position":4,"name":"2012"}]},{"@type":"WebSite","@id":"http:\/\/kappler.at\/stamm\/#website","url":"http:\/\/kappler.at\/stamm\/","name":"Franziskaner Stammtisch","description":"the one and only","publisher":{"@id":"http:\/\/kappler.at\/stamm\/#organization"},"potentialAction":[{"@type":"SearchAction","target":{"@type":"EntryPoint","urlTemplate":"http:\/\/kappler.at\/stamm\/?s={search_term_string}"},"query-input":{"@type":"PropertyValueSpecification","valueRequired":true,"valueName":"search_term_string"}}],"inLanguage":"de"},{"@type":"Organization","@id":"http:\/\/kappler.at\/stamm\/#organization","name":"Franziskaner Stammtisch Hartberg","url":"http:\/\/kappler.at\/stamm\/","logo":{"@type":"ImageObject","inLanguage":"de","@id":"http:\/\/kappler.at\/stamm\/#\/schema\/logo\/image\/","url":"http:\/\/kappler.at\/stamm\/wp-content\/uploads\/sites\/2\/2016\/10\/StammtischLogo-e1476712092368.jpg","contentUrl":"http:\/\/kappler.at\/stamm\/wp-content\/uploads\/sites\/2\/2016\/10\/StammtischLogo-e1476712092368.jpg","width":126,"height":200,"caption":"Franziskaner Stammtisch Hartberg"},"image":{"@id":"http:\/\/kappler.at\/stamm\/#\/schema\/logo\/image\/"}}]}},"jetpack_shortlink":"https:\/\/wp.me\/P5aSXC-2x","jetpack_sharing_enabled":true,"_links":{"self":[{"href":"http:\/\/kappler.at\/stamm\/wp-json\/wp\/v2\/pages\/157","targetHints":{"allow":["GET"]}}],"collection":[{"href":"http:\/\/kappler.at\/stamm\/wp-json\/wp\/v2\/pages"}],"about":[{"href":"http:\/\/kappler.at\/stamm\/wp-json\/wp\/v2\/types\/page"}],"author":[{"embeddable":true,"href":"http:\/\/kappler.at\/stamm\/wp-json\/wp\/v2\/users\/1"}],"replies":[{"embeddable":true,"href":"http:\/\/kappler.at\/stamm\/wp-json\/wp\/v2\/comments?post=157"}],"version-history":[{"count":15,"href":"http:\/\/kappler.at\/stamm\/wp-json\/wp\/v2\/pages\/157\/revisions"}],"predecessor-version":[{"id":1553,"href":"http:\/\/kappler.at\/stamm\/wp-json\/wp\/v2\/pages\/157\/revisions\/1553"}],"up":[{"embeddable":true,"href":"http:\/\/kappler.at\/stamm\/wp-json\/wp\/v2\/pages\/141"}],"wp:attachment":[{"href":"http:\/\/kappler.at\/stamm\/wp-json\/wp\/v2\/media?parent=157"}],"curies":[{"name":"wp","href":"https:\/\/api.w.org\/{rel}","templated":true}]}}