{"id":1378,"date":"2017-02-20T12:05:29","date_gmt":"2017-02-20T11:05:29","guid":{"rendered":"http:\/\/kappler.at\/stamm\/?page_id=1378"},"modified":"2020-02-20T07:51:16","modified_gmt":"2020-02-20T06:51:16","slug":"2017-1","status":"publish","type":"page","link":"http:\/\/kappler.at\/stamm\/stt-htm\/history\/2017-1\/","title":{"rendered":"2017"},"content":{"rendered":"<div id=\"pl-1378\"  class=\"panel-layout\" ><div id=\"pg-1378-0\"  class=\"panel-grid panel-no-style\" ><div id=\"pgc-1378-0-0\"  class=\"panel-grid-cell\" ><div id=\"panel-1378-0-0-0\" class=\"so-panel widget widget_sow-editor panel-first-child panel-last-child\" data-index=\"0\" ><div\n\t\t\t\n\t\t\tclass=\"so-widget-sow-editor so-widget-sow-editor-base\"\n\t\t\t\n\t\t>\n<div class=\"siteorigin-widget-tinymce textwidget\">\n\t<h2>Franziskaner Stammtisch Hartberg 2017 - die H\u00f6hepunkte des Jahres 2017 chronologisch sortiert im \u00dcberblick<\/h2>\n<\/div>\n<\/div><\/div><\/div><\/div><div id=\"pg-1378-1\"  class=\"panel-grid panel-no-style\" ><div id=\"pgc-1378-1-0\"  class=\"panel-grid-cell panel-grid-cell-empty\" ><\/div><div id=\"pgc-1378-1-1\"  class=\"panel-grid-cell\" ><div id=\"panel-1378-1-1-0\" class=\"so-panel widget widget_text panel-first-child panel-last-child widgetopts-SO\" data-index=\"1\" ><h3 class=\"widget-title\">29.12.2017 &#8211; Jahresfeier 2017<\/h3>\t\t\t<div class=\"textwidget\"><p>wie immer mit unseren M\u00e4dels &#8211; Dank &amp; Anerkennung f\u00fcr Fredy (Kassenf\u00fchrung) und Hari (homepage &amp; Stammtischchronik Hans)<\/p>\n<\/div>\n\t\t<\/div><\/div><\/div><div id=\"pg-1378-2\"  class=\"panel-grid panel-no-style\" ><div id=\"pgc-1378-2-0\"  class=\"panel-grid-cell\" ><div id=\"panel-1378-2-0-0\" class=\"so-panel widget widget_text panel-first-child panel-last-child widgetopts-SO\" data-index=\"2\" ><h3 class=\"widget-title\">1390<\/h3>\t\t\t<div class=\"textwidget\"><\/div>\n\t\t<\/div><\/div><div id=\"pgc-1378-2-1\"  class=\"panel-grid-cell\" ><div id=\"panel-1378-2-1-0\" class=\"so-panel widget widget_text panel-first-child widgetopts-SO\" data-index=\"3\" ><h3 class=\"widget-title\">02.11.2017 &#8211; Stammtisch-Chronik<\/h3>\t\t\t<div class=\"textwidget\"><p>Ein nachtr\u00e4gliches Geschenk f\u00fcr Hans zu seinem 70er<\/p>\n<\/div>\n\t\t<\/div><div id=\"panel-1378-2-1-1\" class=\"so-panel widget widget_sow-image panel-last-child widgetopts-SO\" data-index=\"4\" ><div\n\t\t\t\n\t\t\tclass=\"so-widget-sow-image so-widget-sow-image-default-8b5b6f678277-1378\"\n\t\t\t\n\t\t>\n<div class=\"sow-image-container\">\n\t\t<img \n\tsrc=\"http:\/\/kappler.at\/stamm\/wp-content\/uploads\/sites\/2\/2017\/11\/20171102_Chronik-Hans.jpg\" width=\"854\" height=\"640\" srcset=\"http:\/\/kappler.at\/stamm\/wp-content\/uploads\/sites\/2\/2017\/11\/20171102_Chronik-Hans.jpg 854w, http:\/\/kappler.at\/stamm\/wp-content\/uploads\/sites\/2\/2017\/11\/20171102_Chronik-Hans-150x112.jpg 150w, http:\/\/kappler.at\/stamm\/wp-content\/uploads\/sites\/2\/2017\/11\/20171102_Chronik-Hans-300x225.jpg 300w, http:\/\/kappler.at\/stamm\/wp-content\/uploads\/sites\/2\/2017\/11\/20171102_Chronik-Hans-768x576.jpg 768w\" sizes=\"(max-width: 854px) 100vw, 854px\" title=\"20171102_Chronik Hans\" alt=\"20171102_Chronik Hans\" \t\tclass=\"so-widget-image\"\/>\n\t<\/div>\n\n<\/div><\/div><\/div><\/div><div id=\"pg-1378-3\"  class=\"panel-grid panel-no-style\" ><div id=\"pgc-1378-3-0\"  class=\"panel-grid-cell panel-grid-cell-empty\" ><\/div><div id=\"pgc-1378-3-1\"  class=\"panel-grid-cell\" ><div id=\"panel-1378-3-1-0\" class=\"so-panel widget widget_text panel-first-child panel-last-child widgetopts-SO\" data-index=\"5\" ><h3 class=\"widget-title\">Oktober 2017 &#8211; Stammtisch Wahllotto<\/h3>\t\t\t<div class=\"textwidget\"><p>fast eine Punktlandung von Robert&#8230;..<\/p>\n<\/div>\n\t\t<\/div><\/div><\/div><div id=\"pg-1378-4\"  class=\"panel-grid panel-no-style\" ><div id=\"pgc-1378-4-0\"  class=\"panel-grid-cell panel-grid-cell-empty\" ><\/div><div id=\"pgc-1378-4-1\"  class=\"panel-grid-cell\" ><div id=\"panel-1378-4-1-0\" class=\"so-panel widget widget_text panel-first-child widgetopts-SO\" data-index=\"6\" ><h3 class=\"widget-title\">30.09.2017 &#8211; Wanderung Pongrazen<\/h3>\t\t\t<div class=\"textwidget\"><p>wir wandern mit Hans anl\u00e4sslich seines 70ers nach Pongrazen zum Mesnerh\u00e4usl<\/p>\n<\/div>\n\t\t<\/div><div id=\"panel-1378-4-1-1\" class=\"so-panel widget widget_sow-image panel-last-child widgetopts-SO\" data-index=\"7\" ><div\n\t\t\t\n\t\t\tclass=\"so-widget-sow-image so-widget-sow-image-default-8b5b6f678277-1378\"\n\t\t\t\n\t\t>\n<div class=\"sow-image-container\">\n\t\t<img \n\tsrc=\"http:\/\/kappler.at\/stamm\/wp-content\/uploads\/sites\/2\/2017\/10\/20170930-Wanderung-Pongrazen-072.jpg\" width=\"600\" height=\"450\" srcset=\"http:\/\/kappler.at\/stamm\/wp-content\/uploads\/sites\/2\/2017\/10\/20170930-Wanderung-Pongrazen-072.jpg 600w, http:\/\/kappler.at\/stamm\/wp-content\/uploads\/sites\/2\/2017\/10\/20170930-Wanderung-Pongrazen-072-150x113.jpg 150w, http:\/\/kappler.at\/stamm\/wp-content\/uploads\/sites\/2\/2017\/10\/20170930-Wanderung-Pongrazen-072-300x225.jpg 300w\" sizes=\"(max-width: 600px) 100vw, 600px\" title=\"20170930 Wanderung Pongrazen 072\" alt=\"20170930 Wanderung Pongrazen 072\" \t\tclass=\"so-widget-image\"\/>\n\t<\/div>\n\n<\/div><\/div><\/div><\/div><div id=\"pg-1378-5\"  class=\"panel-grid panel-no-style\" ><div id=\"pgc-1378-5-0\"  class=\"panel-grid-cell panel-grid-cell-empty\" ><\/div><div id=\"pgc-1378-5-1\"  class=\"panel-grid-cell\" ><div id=\"panel-1378-5-1-0\" class=\"so-panel widget widget_text panel-first-child widgetopts-SO\" data-index=\"8\" ><h3 class=\"widget-title\">01.09.2017 &#8211; Geburtstagsfeier Hans<\/h3>\t\t\t<div class=\"textwidget\"><p>unser Hans feiert seinen 70er und wir feiern mit &#8211; herzlichen Dank f\u00fcr die Einladung<\/p>\n<\/div>\n\t\t<\/div><div id=\"panel-1378-5-1-1\" class=\"so-panel widget widget_sow-image panel-last-child widgetopts-SO\" data-index=\"9\" ><div\n\t\t\t\n\t\t\tclass=\"so-widget-sow-image so-widget-sow-image-default-8b5b6f678277-1378\"\n\t\t\t\n\t\t>\n<div class=\"sow-image-container\">\n\t\t<img \n\tsrc=\"http:\/\/kappler.at\/stamm\/wp-content\/uploads\/sites\/2\/2017\/09\/20170901-70er-Feier-Hans-01.jpg\" width=\"600\" height=\"450\" srcset=\"http:\/\/kappler.at\/stamm\/wp-content\/uploads\/sites\/2\/2017\/09\/20170901-70er-Feier-Hans-01.jpg 600w, http:\/\/kappler.at\/stamm\/wp-content\/uploads\/sites\/2\/2017\/09\/20170901-70er-Feier-Hans-01-150x113.jpg 150w, http:\/\/kappler.at\/stamm\/wp-content\/uploads\/sites\/2\/2017\/09\/20170901-70er-Feier-Hans-01-300x225.jpg 300w\" sizes=\"(max-width: 600px) 100vw, 600px\" title=\"70er Feier Hans\" alt=\"70er Feier Hans\" \t\tclass=\"so-widget-image\"\/>\n\t<\/div>\n\n<\/div><\/div><\/div><\/div><div id=\"pg-1378-6\"  class=\"panel-grid panel-no-style\" ><div id=\"pgc-1378-6-0\"  class=\"panel-grid-cell panel-grid-cell-empty\" ><\/div><div id=\"pgc-1378-6-1\"  class=\"panel-grid-cell\" ><div id=\"panel-1378-6-1-0\" class=\"so-panel widget widget_text panel-first-child panel-last-child widgetopts-SO\" data-index=\"10\" ><h3 class=\"widget-title\">13.07.2017 &#8211; Die Wollsau rockt wieder<\/h3>\t\t\t<div class=\"textwidget\"><p>Der Wirt ist auf Urlaub &#8211; wir sind beim Retzi<\/p>\n<\/div>\n\t\t<\/div><\/div><\/div><div id=\"pg-1378-7\"  class=\"panel-grid panel-no-style\" ><div id=\"pgc-1378-7-0\"  class=\"panel-grid-cell panel-grid-cell-empty\" ><\/div><div id=\"pgc-1378-7-1\"  class=\"panel-grid-cell\" ><div id=\"panel-1378-7-1-0\" class=\"so-panel widget widget_text panel-first-child widgetopts-SO\" data-index=\"11\" ><h3 class=\"widget-title\">25.05.2017 &#8211; Braufest Tonibr\u00e4u<\/h3>\t\t\t<div class=\"textwidget\"><p>Hans (mit Henry), Hari und Tom auf der allj\u00e4hrlichen Fu\u00dfwallfahrt zum Tonibr\u00e4u <\/p>\n<\/div>\n\t\t<\/div><div id=\"panel-1378-7-1-1\" class=\"so-panel widget widget_sow-image panel-last-child widgetopts-SO\" data-index=\"12\" ><div\n\t\t\t\n\t\t\tclass=\"so-widget-sow-image so-widget-sow-image-default-6ec9e3772f75-1378\"\n\t\t\t\n\t\t>\n<div class=\"sow-image-container\">\n\t\t<img \n\tsrc=\"http:\/\/kappler.at\/stamm\/wp-content\/uploads\/sites\/2\/2017\/06\/20170525-Tonibraeu-07.jpg\" width=\"1200\" height=\"900\" srcset=\"http:\/\/kappler.at\/stamm\/wp-content\/uploads\/sites\/2\/2017\/06\/20170525-Tonibraeu-07.jpg 1200w, http:\/\/kappler.at\/stamm\/wp-content\/uploads\/sites\/2\/2017\/06\/20170525-Tonibraeu-07-150x113.jpg 150w, http:\/\/kappler.at\/stamm\/wp-content\/uploads\/sites\/2\/2017\/06\/20170525-Tonibraeu-07-300x225.jpg 300w, http:\/\/kappler.at\/stamm\/wp-content\/uploads\/sites\/2\/2017\/06\/20170525-Tonibraeu-07-768x576.jpg 768w, http:\/\/kappler.at\/stamm\/wp-content\/uploads\/sites\/2\/2017\/06\/20170525-Tonibraeu-07-1024x768.jpg 1024w\" sizes=\"(max-width: 1200px) 100vw, 1200px\" title=\"20170525 Tonibraeu 07\" alt=\"Franziskaner Stammtisch Hartberg 2017 Tonibr\u00e4u Gruppenfoto\" \t\tclass=\"so-widget-image\"\/>\n\t<\/div>\n\n<\/div><\/div><\/div><\/div><div id=\"pg-1378-8\"  class=\"panel-grid panel-no-style\" ><div id=\"pgc-1378-8-0\"  class=\"panel-grid-cell panel-grid-cell-empty\" ><\/div><div id=\"pgc-1378-8-1\"  class=\"panel-grid-cell\" ><div id=\"panel-1378-8-1-0\" class=\"so-panel widget widget_text panel-first-child panel-last-child\" data-index=\"13\" ><h3 class=\"widget-title\">17.02.2017 &#8211; Jahresfeier 2016<\/h3>\t\t\t<div class=\"textwidget\">Wir feiern mit unseren M\u00e4dls den Jahreswechsel\nAusgabe der neuen Stammtisch-Polos (Dank an John f\u00fcr die Bem\u00fchungen)<\/div>\n\t\t<\/div><\/div><\/div><div id=\"pg-1378-9\"  class=\"panel-grid panel-no-style\" ><div id=\"pgc-1378-9-0\"  class=\"panel-grid-cell\" ><div id=\"panel-1378-9-0-0\" class=\"so-panel widget widget_text panel-first-child panel-last-child\" data-index=\"14\" ><h3 class=\"widget-title\">1355<\/h3>\t\t\t<div class=\"textwidget\"><\/div>\n\t\t<\/div><\/div><div id=\"pgc-1378-9-1\"  class=\"panel-grid-cell\" ><div id=\"panel-1378-9-1-0\" class=\"so-panel widget widget_text panel-first-child\" data-index=\"15\" ><h3 class=\"widget-title\">25. &#8211; 28.01.2017 &#8211; Schiopening Flachau<\/h3>\t\t\t<div class=\"textwidget\">Franz, Hari, und Martin in der Flachau.\nBei Kaiserwetter und den besten Schneebedingungen aller Zeiten wieder im Bergquell stationiert.\n(140 Pistenkilometer und 27800 H\u00f6henmeter)<\/div>\n\t\t<\/div><div id=\"panel-1378-9-1-1\" class=\"so-panel widget widget_sow-image panel-last-child\" data-index=\"16\" ><div\n\t\t\t\n\t\t\tclass=\"so-widget-sow-image so-widget-sow-image-default-6ec9e3772f75-1378\"\n\t\t\t\n\t\t>\n<div class=\"sow-image-container\">\n\t\t<img \n\tsrc=\"http:\/\/kappler.at\/stamm\/wp-content\/uploads\/sites\/2\/2017\/02\/IMG_1410-e1487589797666.jpg\" width=\"640\" height=\"480\" srcset=\"http:\/\/kappler.at\/stamm\/wp-content\/uploads\/sites\/2\/2017\/02\/IMG_1410-e1487589797666.jpg 640w, http:\/\/kappler.at\/stamm\/wp-content\/uploads\/sites\/2\/2017\/02\/IMG_1410-e1487589797666-150x113.jpg 150w, http:\/\/kappler.at\/stamm\/wp-content\/uploads\/sites\/2\/2017\/02\/IMG_1410-e1487589797666-300x225.jpg 300w\" sizes=\"(max-width: 640px) 100vw, 640px\" title=\"2017 Flachau Gruppe\" alt=\"Franziskaner Stammtisch Hartberg 2017 Flachau Gruppenfoto\" \t\tclass=\"so-widget-image\"\/>\n\t<\/div>\n\n<\/div><\/div><\/div><\/div><\/div>","protected":false},"excerpt":{"rendered":"<p>Franziskaner Stammtisch Hartberg 2017 &#8211; die H\u00f6hepunkte des Jahres 2017 chronologisch sortiert im \u00dcberblick wie immer mit unseren M\u00e4dels &#8211; Dank &amp; Anerkennung f\u00fcr Fredy (Kassenf\u00fchrung) und Hari (homepage &amp; Stammtischchronik Hans)<\/p>\n","protected":false},"author":1,"featured_media":0,"parent":141,"menu_order":0,"comment_status":"open","ping_status":"closed","template":"page-feature.php","meta":{"kt_blocks_editor_width":"","ngg_post_thumbnail":0,"jetpack_post_was_ever_published":false,"footnotes":""},"class_list":["post-1378","page","type-page","status-publish","hentry"],"yoast_head":"<!-- This site is optimized with the Yoast SEO plugin v27.5 - https:\/\/yoast.com\/product\/yoast-seo-wordpress\/ -->\n<title>Franziskaner Stammtisch Hartberg\u00a02017<\/title>\n<meta name=\"description\" content=\"Franziskaner Stammtisch Hartberg 2017 - die H\u00f6hepunkte des Jahres 2017 chronologisch sortiert im \u00dcberblick\" \/>\n<meta name=\"robots\" content=\"index, follow, max-snippet:-1, max-image-preview:large, max-video-preview:-1\" \/>\n<link rel=\"canonical\" href=\"http:\/\/kappler.at\/stamm\/stt-htm\/history\/2017-1\/\" \/>\n<meta property=\"og:locale\" content=\"de_DE\" \/>\n<meta property=\"og:type\" content=\"article\" \/>\n<meta property=\"og:title\" content=\"Franziskaner Stammtisch Hartberg\u00a02017\" \/>\n<meta property=\"og:description\" content=\"Franziskaner Stammtisch Hartberg 2017 - die H\u00f6hepunkte des Jahres 2017 chronologisch sortiert im \u00dcberblick\" \/>\n<meta property=\"og:url\" content=\"http:\/\/kappler.at\/stamm\/stt-htm\/history\/2017-1\/\" \/>\n<meta property=\"og:site_name\" content=\"Franziskaner Stammtisch\" \/>\n<meta property=\"article:modified_time\" content=\"2020-02-20T06:51:16+00:00\" \/>\n<meta name=\"twitter:label1\" content=\"Gesch\u00e4tzte Lesezeit\" \/>\n\t<meta name=\"twitter:data1\" content=\"1\u00a0Minute\" \/>\n<script type=\"application\/ld+json\" class=\"yoast-schema-graph\">{\"@context\":\"https:\\\/\\\/schema.org\",\"@graph\":[{\"@type\":\"WebPage\",\"@id\":\"http:\\\/\\\/kappler.at\\\/stamm\\\/stt-htm\\\/history\\\/2017-1\\\/\",\"url\":\"http:\\\/\\\/kappler.at\\\/stamm\\\/stt-htm\\\/history\\\/2017-1\\\/\",\"name\":\"Franziskaner Stammtisch Hartberg\u00a02017\",\"isPartOf\":{\"@id\":\"http:\\\/\\\/kappler.at\\\/stamm\\\/#website\"},\"datePublished\":\"2017-02-20T11:05:29+00:00\",\"dateModified\":\"2020-02-20T06:51:16+00:00\",\"description\":\"Franziskaner Stammtisch Hartberg 2017 - die H\u00f6hepunkte des Jahres 2017 chronologisch sortiert im \u00dcberblick\",\"breadcrumb\":{\"@id\":\"http:\\\/\\\/kappler.at\\\/stamm\\\/stt-htm\\\/history\\\/2017-1\\\/#breadcrumb\"},\"inLanguage\":\"de\",\"potentialAction\":[{\"@type\":\"ReadAction\",\"target\":[\"http:\\\/\\\/kappler.at\\\/stamm\\\/stt-htm\\\/history\\\/2017-1\\\/\"]}]},{\"@type\":\"BreadcrumbList\",\"@id\":\"http:\\\/\\\/kappler.at\\\/stamm\\\/stt-htm\\\/history\\\/2017-1\\\/#breadcrumb\",\"itemListElement\":[{\"@type\":\"ListItem\",\"position\":1,\"name\":\"Home\",\"item\":\"http:\\\/\\\/kappler.at\\\/stamm\\\/\"},{\"@type\":\"ListItem\",\"position\":2,\"name\":\"Franziskaner Stammtisch Hartberg\",\"item\":\"http:\\\/\\\/kappler.at\\\/stamm\\\/\"},{\"@type\":\"ListItem\",\"position\":3,\"name\":\"Franziskaner Stammtisch History\",\"item\":\"http:\\\/\\\/kappler.at\\\/stamm\\\/stt-htm\\\/history\\\/\"},{\"@type\":\"ListItem\",\"position\":4,\"name\":\"2017\"}]},{\"@type\":\"WebSite\",\"@id\":\"http:\\\/\\\/kappler.at\\\/stamm\\\/#website\",\"url\":\"http:\\\/\\\/kappler.at\\\/stamm\\\/\",\"name\":\"Franziskaner Stammtisch\",\"description\":\"the one and only\",\"publisher\":{\"@id\":\"http:\\\/\\\/kappler.at\\\/stamm\\\/#organization\"},\"potentialAction\":[{\"@type\":\"SearchAction\",\"target\":{\"@type\":\"EntryPoint\",\"urlTemplate\":\"http:\\\/\\\/kappler.at\\\/stamm\\\/?s={search_term_string}\"},\"query-input\":{\"@type\":\"PropertyValueSpecification\",\"valueRequired\":true,\"valueName\":\"search_term_string\"}}],\"inLanguage\":\"de\"},{\"@type\":\"Organization\",\"@id\":\"http:\\\/\\\/kappler.at\\\/stamm\\\/#organization\",\"name\":\"Franziskaner Stammtisch Hartberg\",\"url\":\"http:\\\/\\\/kappler.at\\\/stamm\\\/\",\"logo\":{\"@type\":\"ImageObject\",\"inLanguage\":\"de\",\"@id\":\"http:\\\/\\\/kappler.at\\\/stamm\\\/#\\\/schema\\\/logo\\\/image\\\/\",\"url\":\"http:\\\/\\\/kappler.at\\\/stamm\\\/wp-content\\\/uploads\\\/sites\\\/2\\\/2016\\\/10\\\/StammtischLogo-e1476712092368.jpg\",\"contentUrl\":\"http:\\\/\\\/kappler.at\\\/stamm\\\/wp-content\\\/uploads\\\/sites\\\/2\\\/2016\\\/10\\\/StammtischLogo-e1476712092368.jpg\",\"width\":126,\"height\":200,\"caption\":\"Franziskaner Stammtisch Hartberg\"},\"image\":{\"@id\":\"http:\\\/\\\/kappler.at\\\/stamm\\\/#\\\/schema\\\/logo\\\/image\\\/\"}}]}<\/script>\n<!-- \/ Yoast SEO plugin. -->","yoast_head_json":{"title":"Franziskaner Stammtisch Hartberg\u00a02017","description":"Franziskaner Stammtisch Hartberg 2017 - die H\u00f6hepunkte des Jahres 2017 chronologisch sortiert im \u00dcberblick","robots":{"index":"index","follow":"follow","max-snippet":"max-snippet:-1","max-image-preview":"max-image-preview:large","max-video-preview":"max-video-preview:-1"},"canonical":"http:\/\/kappler.at\/stamm\/stt-htm\/history\/2017-1\/","og_locale":"de_DE","og_type":"article","og_title":"Franziskaner Stammtisch Hartberg\u00a02017","og_description":"Franziskaner Stammtisch Hartberg 2017 - die H\u00f6hepunkte des Jahres 2017 chronologisch sortiert im \u00dcberblick","og_url":"http:\/\/kappler.at\/stamm\/stt-htm\/history\/2017-1\/","og_site_name":"Franziskaner Stammtisch","article_modified_time":"2020-02-20T06:51:16+00:00","twitter_misc":{"Gesch\u00e4tzte Lesezeit":"1\u00a0Minute"},"schema":{"@context":"https:\/\/schema.org","@graph":[{"@type":"WebPage","@id":"http:\/\/kappler.at\/stamm\/stt-htm\/history\/2017-1\/","url":"http:\/\/kappler.at\/stamm\/stt-htm\/history\/2017-1\/","name":"Franziskaner Stammtisch Hartberg\u00a02017","isPartOf":{"@id":"http:\/\/kappler.at\/stamm\/#website"},"datePublished":"2017-02-20T11:05:29+00:00","dateModified":"2020-02-20T06:51:16+00:00","description":"Franziskaner Stammtisch Hartberg 2017 - die H\u00f6hepunkte des Jahres 2017 chronologisch sortiert im \u00dcberblick","breadcrumb":{"@id":"http:\/\/kappler.at\/stamm\/stt-htm\/history\/2017-1\/#breadcrumb"},"inLanguage":"de","potentialAction":[{"@type":"ReadAction","target":["http:\/\/kappler.at\/stamm\/stt-htm\/history\/2017-1\/"]}]},{"@type":"BreadcrumbList","@id":"http:\/\/kappler.at\/stamm\/stt-htm\/history\/2017-1\/#breadcrumb","itemListElement":[{"@type":"ListItem","position":1,"name":"Home","item":"http:\/\/kappler.at\/stamm\/"},{"@type":"ListItem","position":2,"name":"Franziskaner Stammtisch Hartberg","item":"http:\/\/kappler.at\/stamm\/"},{"@type":"ListItem","position":3,"name":"Franziskaner Stammtisch History","item":"http:\/\/kappler.at\/stamm\/stt-htm\/history\/"},{"@type":"ListItem","position":4,"name":"2017"}]},{"@type":"WebSite","@id":"http:\/\/kappler.at\/stamm\/#website","url":"http:\/\/kappler.at\/stamm\/","name":"Franziskaner Stammtisch","description":"the one and only","publisher":{"@id":"http:\/\/kappler.at\/stamm\/#organization"},"potentialAction":[{"@type":"SearchAction","target":{"@type":"EntryPoint","urlTemplate":"http:\/\/kappler.at\/stamm\/?s={search_term_string}"},"query-input":{"@type":"PropertyValueSpecification","valueRequired":true,"valueName":"search_term_string"}}],"inLanguage":"de"},{"@type":"Organization","@id":"http:\/\/kappler.at\/stamm\/#organization","name":"Franziskaner Stammtisch Hartberg","url":"http:\/\/kappler.at\/stamm\/","logo":{"@type":"ImageObject","inLanguage":"de","@id":"http:\/\/kappler.at\/stamm\/#\/schema\/logo\/image\/","url":"http:\/\/kappler.at\/stamm\/wp-content\/uploads\/sites\/2\/2016\/10\/StammtischLogo-e1476712092368.jpg","contentUrl":"http:\/\/kappler.at\/stamm\/wp-content\/uploads\/sites\/2\/2016\/10\/StammtischLogo-e1476712092368.jpg","width":126,"height":200,"caption":"Franziskaner Stammtisch Hartberg"},"image":{"@id":"http:\/\/kappler.at\/stamm\/#\/schema\/logo\/image\/"}}]}},"jetpack_shortlink":"https:\/\/wp.me\/P5aSXC-me","jetpack_sharing_enabled":true,"_links":{"self":[{"href":"http:\/\/kappler.at\/stamm\/wp-json\/wp\/v2\/pages\/1378","targetHints":{"allow":["GET"]}}],"collection":[{"href":"http:\/\/kappler.at\/stamm\/wp-json\/wp\/v2\/pages"}],"about":[{"href":"http:\/\/kappler.at\/stamm\/wp-json\/wp\/v2\/types\/page"}],"author":[{"embeddable":true,"href":"http:\/\/kappler.at\/stamm\/wp-json\/wp\/v2\/users\/1"}],"replies":[{"embeddable":true,"href":"http:\/\/kappler.at\/stamm\/wp-json\/wp\/v2\/comments?post=1378"}],"version-history":[{"count":26,"href":"http:\/\/kappler.at\/stamm\/wp-json\/wp\/v2\/pages\/1378\/revisions"}],"predecessor-version":[{"id":1761,"href":"http:\/\/kappler.at\/stamm\/wp-json\/wp\/v2\/pages\/1378\/revisions\/1761"}],"up":[{"embeddable":true,"href":"http:\/\/kappler.at\/stamm\/wp-json\/wp\/v2\/pages\/141"}],"wp:attachment":[{"href":"http:\/\/kappler.at\/stamm\/wp-json\/wp\/v2\/media?parent=1378"}],"curies":[{"name":"wp","href":"https:\/\/api.w.org\/{rel}","templated":true}]}}